{"id":481,"date":"2023-09-09T22:50:55","date_gmt":"2023-09-09T22:50:55","guid":{"rendered":"https:\/\/www.whiteclinicbelgrade.com\/?page_id=481"},"modified":"2026-03-02T20:28:45","modified_gmt":"2026-03-02T19:28:45","slug":"frequently-asked-questions","status":"publish","type":"page","link":"https:\/\/www.whiteclinicbelgrade.com\/en\/faq\/","title":{"rendered":"FAQ"},"content":{"rendered":"<p>[et_pb_section fb_built=&#8220;1&#8243; fullwidth=&#8220;on&#8220; _builder_version=&#8220;4.21.0&#8243; _module_preset=&#8220;default&#8220; global_colors_info=&#8220;{}&#8220;][et_pb_fullwidth_header title=&#8220;Naj\u010de\u0161\u0107a pitanja&#8220; _builder_version=&#8220;4.22.1&#8243; _module_preset=&#8220;default&#8220; title_font=&#8220;Lato|900|||||||&#8220; title_text_color=&#8220;#FFFFFF&#8220; title_font_size=&#8220;60px&#8220; background_color=&#8220;#004346&#8243; background_enable_pattern_style=&#8220;on&#8220; background_pattern_style=&#8220;inverted-chevrons&#8220; background_pattern_color=&#8220;rgba(239,239,239,0.02)&#8220; custom_padding=&#8220;5vw||5vw||true|false&#8220; title_font_size_tablet=&#8220;50px&#8220; title_font_size_phone=&#8220;30px&#8220; title_font_size_last_edited=&#8220;on|phone&#8220; global_colors_info=&#8220;{}&#8220;][\/et_pb_fullwidth_header][\/et_pb_section][et_pb_section fb_built=&#8220;1&#8243; _builder_version=&#8220;4.21.0&#8243; _module_preset=&#8220;default&#8220; global_colors_info=&#8220;{}&#8220;][et_pb_row column_structure=&#8220;3_5,2_5&#8243; _builder_version=&#8220;4.22.1&#8243; _module_preset=&#8220;default&#8220; global_colors_info=&#8220;{}&#8220;][et_pb_column type=&#8220;3_5&#8243; _builder_version=&#8220;4.22.1&#8243; _module_preset=&#8220;default&#8220; global_colors_info=&#8220;{}&#8220;][et_pb_accordion closed_toggle_text_color=&#8220;#FFFFFF&#8220; closed_toggle_background_color=&#8220;#222423&#8243; icon_color=&#8220;#FFFFFF&#8220; use_icon_font_size=&#8220;on&#8220; icon_font_size=&#8220;22px&#8220; _builder_version=&#8220;4.22.1&#8243; _module_preset=&#8220;default&#8220; toggle_text_align=&#8220;left&#8220; closed_toggle_font=&#8220;|800||on|||||&#8220; closed_toggle_font_size=&#8220;20px&#8220; max_width=&#8220;100%&#8220; module_alignment=&#8220;center&#8220; border_radii=&#8220;on|10px|10px|10px|10px&#8220; border_color_all=&#8220;#6C9B8B&#8220; box_shadow_style=&#8220;preset1&#8243; box_shadow_blur=&#8220;7px&#8220; global_colors_info=&#8220;{}&#8220;][et_pb_accordion_item title=&#8220;HEAD&#8220; _builder_version=&#8220;4.22.1&#8243; _module_preset=&#8220;default&#8220; custom_css_main_element=&#8220;display: none; ||&#8220; global_colors_info=&#8220;{}&#8220; open=&#8220;on&#8220;][\/et_pb_accordion_item][et_pb_accordion_item title=&#8220;All on 4 koncept&#8220; open=&#8220;off&#8220; _builder_version=&#8220;4.22.1&#8243; _module_preset=&#8220;default&#8220; global_colors_info=&#8220;{}&#8220;]<\/p>\n<p>Terapija bezubih vilica je najzahtevniji terapijski izazov stomatologa, kako nekada tako i sada. Totalne proteze nikada nisu zadovoljile \u017eelje ni pacijenata ni lekara. Pojava titanijumskih zubnih implantata je donela revoluciju u stomatologiji i omogu\u0107ila pacijentima bez zuba i sa terminalnim stadijumom parodontopatije, po prvi put fiksnu protetsku nadoknadu, koju ne\u0107e morati no\u0107u da dr\u017ee u \u010da\u0161i.<\/p>\n<p>Me\u0111utim, sama pojava implantata nije bila dovoljna da omogu\u0107i savr\u0161en terapijski ishod za svakog pacijenta. Stomatolozi nisu imali dovoljno nau\u010dnih \u010dinjenica kako bi ta\u010dno odredili broj potrebnih implantata za rekonstrukciju bezube vilice, pa su, na osnovu iskustva sa zubima arbitrarno odre\u0111ivali koji je to broj. Po\u010delo se sa \u0161est, pa sedam, osam, pet&#8230; U jednom trenutku je grupa autora predlo\u017eila da se svaki izgubljeni zub zameni implantom, pa su ugra\u0111ivali po 12, \u010dak i 14 implantata u jednu vilicu ali su rezultati bili izuzetno lo\u0161i.<\/p>\n<p>Pre vi\u0161e od dvadeset godina, Paulo Malo je, zajedno sa Nobel kompanijom, usavr\u0161io koncept All on 4. Taj koncept podrazumeva ugradnju 4 implantata u jednu vilicu i to tako da se maksimalno iskoristi preostala kost pacijenta. Nije dovoljno da se tek tako postave 4 implanta, bitna je statika i strategija.<\/p>\n<p>Klju\u010dni prinicipi All on 4 terapije bezubih vilica su:<\/p>\n<ul>\n<li>Dva zadnja implantata se postavljaju pod uglom tako da njihov protetski deo, gde se \u0161rafi abutment, bude postavljen \u0161to posteriornije, negde u poziciji prvog molara ili drugog premolara, a vrh implanta bude usidren u \u010dvrsti deo gornje vilice koji je je u blizini nosa. Tako postavljen implant, pod uglom od oko 45 stepeni, ostvaruje odli\u010dnu vezu sa kosti, duga\u010dak je i ne kompromituju prirodnu \u0161upljinu gornje vilice, odnosno maksilarni sinus. Tako All on 4 koncept izbegava komplikovane sinus lift procedure.<\/li>\n<li>Dva prednja implantata se postavljaju vertikalno u regiji sekuti\u0107a, tako da se njihov vrh obavezno usidri u kompaktnu, \u010dvrstu kost poda nosne \u0161upljine. To je klju\u010dni momenat koji obezbe\u0111uje stabilnu poziciju tih implantata i omogu\u0107ava bezbedno no\u0161enje protetske nadoknade. U te\u0161kim situacijema, gde ima pojava cista u vilici ili je izuzetno tanka kost, i ti prednji implantati se mogu postaviti pod uglom i tada se ta modifikacija All on 4 koncepta naziva \u201eM tehnika\u201c, zato \u0161to su sva 4 implanta pod uglom i obrazuju slovo M.<\/li>\n<li>Obavezna izrada fiksne privremene nadoknade. Izuzetno je va\u017eno da se \u0161to pre izradi privremena nadoknada i fiksira \u0161rafovima na postavljene implante i omogu\u0107i pacijentu da \u017eva\u0107e mek\u0161u hranu. Zabranjuje se \u017evakanje \u010dvrste hrane koja mo\u017ee da izazove prelom privremenih zuba a time ugrozi zdravlje implantata.<\/li>\n<li>I privremena i kona\u010dna nadokanda se fiksira \u0161rafom na implante, nikako se ne sme cementirati. Izuzetno je va\u017eno da se All on 4 protetska nadoknada mo\u017ee od\u0161rafiti po potrebi, korigovati, o\u010distiti, zameniti&#8230; Preporuka je da se od\u0161rafe radi \u010di\u0161\u0107enja dvaput godi\u0161nje, a \u0161rafovi koji je pri\u010dvr\u0161\u0107uju zamene na svake dve godine, da ne bi do\u0161lo do njihovog o\u0161te\u0107enja (To su mali \u0161rafovi koji fiksiraju protetsku nadoknadu na implante).<\/li>\n<\/ul>\n<p>All on 4 koncept se pokazao uspe\u0161nim ve\u0107 dve decenije sa impozantnim procentom pre\u017eivljavanja implantata od oko 98% \u0161to potvr\u0111uju mnoge klini\u010dke studije, pa to vi\u0161e nije mi\u0161ljenje, ve\u0107 nau\u010dna \u010dinjenica. Nijedan drugi koncept ne nudi ono \u0161to nudi All on 4: Savr\u0161en estetski rezultat, minimalan rizik od komplikacija, stabilan rezultat na du\u017ei vremenski period i minimalan ekonomski anga\u017eman u pore\u0111enju sa konceptima ve\u0107eg broja implantata.<\/p>\n<p>[\/et_pb_accordion_item][et_pb_accordion_item title=&#8220;Veniri ili fasete: transformacija osmeha&#8220; _builder_version=&#8220;4.22.1&#8243; _module_preset=&#8220;default&#8220; global_colors_info=&#8220;{}&#8220; open=&#8220;off&#8220;]<\/p>\n<p>Veniri su savremeno re\u0161enje u estetskoj stomatologiji koje je steklo ogromnu popularnost poslednjih godina. Ove tanke, prilago\u0111ene fasete su dizajnirane da pokriju prednju povr\u0161inu zuba, nudec\u0301i transformativno re\u0161enje za razli\u010dite dentalne nesavr\u0161enosti. Kerami\u010dki veniri su poznati po svojoj izuzetnoj izdr\u017eljivosti i prirodnom izgledu. U ovom \u010dlanku c\u0301emo istra\u017eiti prednosti zubnih faseta, njihove indikacije i materijale koji se koriste u njihovoj izradi.<\/p>\n<p>Prednosti venira:<\/p>\n<p>* Estetsko pobolj\u0161anje: fasete se prvenstveno koriste u estetske svrhe. Mogu efikasno da re\u0161e mno\u0161tvo stomatolo\u0161kih problema, kao \u0161to su obojeni, obezbojeni ili nepravilno postavljeni zubi, mogu da promene oblik i du\u017einu zuba, pru\u017eajuc\u0301i zna\u010dajno pobolj\u0161an izgled.<br \/>* Minimalna preparacija zuba ili nekada i bez preparacije u zavisnosti od po\u010detnog stanja i \u017eeljenog rezultata. Za razliku od nekih drugih stomatolo\u0161kih nadoknada, fasete zahtevaju minimalnu promenu prirodne strukture zuba. To zna\u010di da se manje uklanja gle\u0111, \u010dime se \u010duva op\u0161te zdravlje i integritet zuba.<br \/>* Prirodni izgled: Fasete se izra\u0111uju po meri da odgovaraju boji, obliku i veli\u010dini va\u0161ih prirodnih zuba. Ovo osigurava da se neprimetno stapaju sa va\u0161im postojec\u0301im zubima, stvarajuc\u0301i prirodan i harmoni\u010dan osmeh.<br \/>* Otpornost na mrlje: veniri se obi\u010dno prave od materijala koji su veoma otporni na mrlje, kao \u0161to je keramika. To zna\u010di da c\u0301e va\u0161 novi pobolj\u0161ani osmeh ostati u istoj boji u godinama koje dolaze.<br \/>* Trajnost: Zubne fasete su poznate po svojoj izdr\u017eljivosti. Kada se pravilno neguju, mogu trajati deceniju ili vi\u0161e, \u0161to ih \u010dini dugoro\u010dnim ulaganjem u izgled va\u0161eg osmeha.<\/p>\n<p>Zubne fasete su svestrano re\u0161enje za re\u0161avanje razli\u010ditih stomatolo\u0161kih problema. Evo nekih uobi\u010dajenih indikacija za njihovu upotrebu:<\/p>\n<p>* Promena boje zuba: Fasete mogu efikasno maskirati ozbiljne promene boje zuba koje ne reaguju na tradicionalne metode izbeljivanja zuba.<br \/>* Okrnjeni ili slomljeni zubi: Fasete mogu povratiti izgled zuba koji su bili okrnjeni ili slomljeni usled nezgoda ili traume zuba.<br \/>* Neuskla\u0111eni zubi: Iako nisu zamena za ortodontski tretman, fasete mogu pobolj\u0161ati izgled blago neuskla\u0111enih zuba stvarajuc\u0301i iluziju ravnijeg osmeha.<br \/>* Praznine izme\u0111u zuba: Fasete mogu zatvoriti praznine ili razmake izme\u0111u zuba, stvarajuc\u0301i ujedna\u010deniji i privla\u010dniji osmeh.<br \/>* Zubi nepravilnog oblika: Zubi neobi\u010dnih oblika ili veli\u010dina mogu se transformisati u estetski ugodniji oblik uz pomoc\u0301 faseta.<\/p>\n<p>Pored kerami\u010dkih postoje i kompozitni veniri koji mogu biti izradjeni u ordinaciji direktno u ustima pacijenta ili u zubotehni\u010dkoj laboratoriji. Ova ekonomii\u010dnija opcija venira mo\u017ee doneti zna\u010dajna estetska pobolj\u0161anja, ali takodje ima i svoje nedostatke. Za razliku od kerami\u010dkih venira, njihov vek trajanja je kra\u0107i, podlo\u017eniji su promeni boje, akumulaciji plaka i o\u0161te\u0107enjima.<\/p>\n<p>Veniri ili fasete su izuzetna stomatolo\u0161ka inovacija koja pojedincima pru\u017ea sredstva za postizanje lepog i samouverenog osmeha. Njihova svestranost, prirodan izgled i izdr\u017eljivost \u010dine ih atraktivnom opcijom za re\u0161avanje niza estetskih stomatolo\u0161kih problema.<\/p>\n<p>[\/et_pb_accordion_item][et_pb_accordion_item title=&#8220;\u0160TA SU INVISALIGN FOLIJE?&#8220; _builder_version=&#8220;4.22.1&#8243; _module_preset=&#8220;default&#8220; text_orientation=&#8220;justified&#8220; global_colors_info=&#8220;{}&#8220; open=&#8220;off&#8220;]<\/p>\n<p>Ove folije su napredni sistem za ispravljanje zuba.<br \/>Napravila ih je ameri\u010dka kompanija Align. To su prozirne, skoro neprimetne folije koje sve \u010de\u0161\u0107e predstavljaju zamenu za fiksni apart. Imaju mnogo prednosti u odnosu na fiksnu protezu i mo\u017ee se re\u0107i da predstavljaju slede\u0107i korak u razvoju ortodoncije. Ve\u0107 sada se koriste \u0161irom sveta, ali se proizvode isklju\u010divo u Americi.<\/p>\n<p><strong>KOJA JE RAZLIKA U ODNOSU NA FIKSNI APARAT?<\/strong><br \/>Najve\u0107a prednost Invisaligna je to \u0161to je neprimetan.<br \/>Ovo ga \u010dini pravim izborom za odrasle, poslovne ljude koji \u017eele da isprave svoj zagrizai bez no\u0161enja fiksnog aparata sa vidljivim \u017eicama. Invisalign terapijom do \u017eeljenih rezultata dolazimo pre nego fiksnim aparatom.<br \/>Kontrole su retke, pa sam proces ne oduzima puno vremena. Folije se skidaju, \u0161to je posebno korisno prilikom jela i kada perete zube. Ipak, preporu\u010deno vreme no\u0161enja je 22h dnevno, da bi se smenjivale na 7 dana. \u0160to se ti\u010de efikasnosti, ove folije mogu da re\u0161e sve slu\u010dajeve od lakih do te\u0161kih, kao \u0161to to rade i fiksni aparati. Starosna granica ne postoji, s tim \u0161to u starijem dobu Invisalign proces uglavnom podrazumeva preprotetsku pripremu.<\/p>\n<p><strong>Paketi invisalign folija<\/strong><\/p>\n<p><strong>EXPRESS<\/strong> paket podrazumeva terapije minimalnih teskoba ili rastresitosti zubnog niza uz kori\u0161\u0107enje do najvi\u0161e 7 folija (uz dodatnih 7 folija uklju\u010denih u cenu ukoliko zatrebaju).<\/p>\n<p><strong>LITE<\/strong> paket podrazumeva terapije teskoba ili rastresitosti zubnog niza, estetske tretmane ili pripremu za neke protetske radove ili sanacije karijesa, koris\u0161\u0107enjem do 14 folija (uz dodatnih 14 folija uklju\u010denih u cenu ukoliko zatrebaju.<\/p>\n<p><strong>MODERATE<\/strong> paket podrazumeva terapije blagih AP nepravilnosti, blagih do srednjih teskoba i rastresitosti, vertikalnih nepravilnosti i pre-protetske pripreme, kori\u0161\u0107enjem do 20 folija (uz dodatnih dva puta po 20 folija uklju\u010denih u cenu ukoliko zatrebaju).<\/p>\n<p><strong>COMPREHENSIVE<\/strong> paket ima \u0161iroke indikacije u zavisnosti od dijagnoze.<br \/>Sa ovim paketom mogu\u0107e je ispraviti veliki broj nepravilnosti bez dodatnih terapijskih procedura, sa neograni\u010denim brojem folija.<\/p>\n<p><strong>COMPREHENSIVE FIRST<\/strong> paket je sli\u010dan paket kao Comprehensive ali za razliku od njega, koristiti se kod mladih pacijenata gde postoji odre\u0111ena nerazvijenost zubnih lukova, teskoba ili rastresitost ili kao faza odre\u0111ene terapije, tako\u0111e uz neograni\u010den broj folija.<\/p>\n<p>[\/et_pb_accordion_item][et_pb_accordion_item title=&#8220;Bruksizam&#8220; _builder_version=&#8220;4.22.1&#8243; _module_preset=&#8220;default&#8220; global_colors_info=&#8220;{}&#8220; open=&#8220;off&#8220;]<\/p>\n<p>Da li ste znali da \u010dak 30% populacije pati od nekog oblika bruksizma?<br \/>Bruksizam je \u0161krgutanje zubima, odnosno stiskanje vilicama i javlja se kako u budnom stanju, tako i tokom sna. Javlja se i kod dece i odraslih i podjednako u oba pola kod bruksizma u snu, s tim \u0161to se ne\u0161to \u010de\u0161\u0107e javlja kod \u017eena u budnom stanju.<br \/>Mo\u017ee da ima za posledicu bol u zglobovima, mi\u0161i\u0107ima i u manjoj ili ve\u0107oj meri, tro\u0161enje zuba.<br \/>De\u0161ava se da pacijenti i ne znaju da pate od bruksizma i da se otkriva kasno kada ve\u0107 do\u0111e do zna\u010dajnog o\u0161te\u0107enja zubnih tkiva, kada je terapija kompleksna i skupa.<br \/>Uzroci bruksizma su vi\u0161estruki i to:<br \/>&#8211; centralni ili patofiziolo\u0161ki, \u0161to podrazumeva poreme\u0107aj u sistemu neurotransmitera<br \/>&#8211; psihosocijalni faktori, kao \u0161to je pove\u0107ana osetljivost na stres ili postojanje depresije<br \/>&#8211; periferni faktori, kao posledica smetnje u okluziji zuba, mada je ovo dokazano da samo uti\u010de na bruksizam kod dece.<br \/>Bruksizam se mo\u017ee dokazati polisomnografijom uz audio i video snimanje, ali i jednostavnim klini\u010dkim pregledom kod stomatologa.<br \/>Najnovije studije su pokazale da u le\u010denju bruksizma nije preterano efikasna farmakolo\u0161ka terapija sa izuzetkom botulinskog toksina ali koji nosi sa sobom i ne\u017eeljene efekte. Biofeedback terapija, tako\u0111e nije pokazala zna\u010dajan uspeh i jo\u0161 zahteva dodatna istra\u017eivanja.<br \/>Najefikasniji oblik le\u010denja danas je i najjednostavniji i podrazumeva upotrebu okluzalnih aparata, odnosno splintova koje izra\u0111uju stomatolozi. Mogu se nositi no\u0107u i danju.<\/p>\n<p>[\/et_pb_accordion_item][et_pb_accordion_item title=&#8220;Le\u010denje kanala korena zuba &#8211; Endodontska terapija&#8220; _builder_version=&#8220;4.22.1&#8243; _module_preset=&#8220;default&#8220; global_colors_info=&#8220;{}&#8220; open=&#8220;off&#8220;]<\/p>\n<p>Endodontologija je nauka o onome \u0161ta je unutar zuba. Endodontska terapija podrazumeva le\u010denje kanala korena zuba.<br \/>Sam zub se sastoji od gle\u0111i, dentina i cementa, a unutra se nalazi se mekano tkivo, koje se zove pulpa ili \u201e\u017eivac\u201d zuba. Osim nerva, pulpa sadr\u017ei i krvne i limfne sudove i vezivno tkivo, zna\u010dajna je za ishranu zuba, za njegov rast i razvoj.<br \/>Pulpa ispunjava sam koren zuba i pru\u017ea se od krunice zuba ka vrhu korena, gde je u kontaktu s mekim tkivom koje se nalazi oko korena zuba.<br \/>Naj\u010de\u0161\u0107i uzrok zapaljenja pulpe, tj. \u017eivca je duboki karijes koji potpuno razara dentin i pretvara ga u ka\u0161astu masu sa ogromnim koli\u010dinama bakterija koje izazivaju pulpitise tj.zapaljenja pulpe. \u010cest uzrok mo\u017ee biti i trauma, udarac koji je nastao i godinama pre prvih simptoma i koji je doveo do prekida cirkulacije u pulpi, takvi zubi vremenom potamne, jer je do\u0161lo do takozvane nekroze pulpe.<br \/>Kada do\u0111e do oboljenja ili povrede pulpe, neophodan je endodontski tretman \u2013 le\u010denje kanala korena zuba gde se pulpa mora izvaditi iz kanala korena zuba.<br \/>Rani znaci zapaljenja pulpe su pove\u0107ana osetljivost na dejstvo hladnih napitaka, hrane, vazduha&#8230;naj\u010de\u0161\u0107e kratki sevaju\u0107i bolovi. Kako proces napreduje bolovi su spontani, nastaju naglo i spontano prolaze pa se posle nekog vremena ponovo javljaju. Sa daljim nastankom gnojnog zapaljenja bolovi su intenzivni pulsiraju\u0107i, poja\u010davaju se na toplo, dok ih hladno umiruje i prelaskom u horizontalni polo\u017eaj se intenziviraju.<br \/>Kod nezbrinutih ili neadekvatno zbrinutih slu\u010dajeva zapaljenja zubne pulpe, dolazi do prodora mikroorganizama u tkivo oko vrha korena zuba koji dovode do apeksnih parodontitisa ili \u201cprocesa\u201d na vrhu korena zuba.<br \/>Endodontska terapija je manje ili vi\u0161e kompleksna procedura koja se sastoji iz vi\u0161e faza i naj\u010de\u0161\u0107e podrazumeva vi\u0161e poseta.<br \/>Sama procedura podrazumeva najpre eliminaciju bola gde se pod dejstvom anestezije izvr\u0161i \u201cva\u0111enje\u201d pulpe iz kanala, zatim se pristupa obradi samog kanala kako mehani\u010dki tako i medikamentozno raznim sredstvima za ispiranje kanala i pastama koje \u0107e delovati na prisutne bakterije.<br \/>Endodontski tretman \u201ciglicama\u201d zahteva preciznost u radu i podrazumeva obradu kanala bilo ru\u010dnim bilo ma\u0161inskim instrumentima uz obilno ispiranje kanala raznim irigansima kako bi se kanalni prostor o\u010distio od bakterija.<br \/>Sve to se sprovodi uz upotrebu koferdam gume za izolaciju zuba, njime se spre\u010dava kontakt zuba sa pljuva\u010dkom, pacijent se \u0161titi od neprijatnih sredstava za ispiranje zuba, obezbe\u0111uje se suvo i sterilno radno polje prilikom stomatolo\u0161ke intervencije i \u0161tite meka tkiva i jezik.<br \/>Odre\u0111ivanje radne du\u017eine i obrada kanala do samog vrha je od posebne va\u017enosti, jer nedovoljno obra\u0111eni, kratki kanali mogu biti uzro\u010dnici mnogih problema. Za odre\u0111ivanje radne du\u0111ine se koriste apeks lokatori.<br \/>Ma\u0161inska instrumentacija kanala podrazumeva primenu endo motora sa ugra\u0111enim apeks lokatorom uz primenu najsavremenijih NiTi pro\u0161iriva\u010da, jako savitljivih instrumenata pa je tretmanom mogu\u0107e tretirati zube sa zakrivljenim i povijenim korenovima, jer ovi instrumenti lagano prate anatomiju kanala zbog svoje superelasti\u010dnosti.<br \/>Prednosti ma\u0161inske endodoncije:<br \/>\u2022 skra\u0107uje se vreme obrade kanala<br \/>\u2022 udobnije i prijatnije za pacijenta<br \/>\u2022 smanjuje se postoperativna osetljivost<br \/>\u2022 posti\u017ee se bolje \u010di\u0161\u0107enje i obeskli\u010davanje kanala korena<br \/>\u2022 manje naporno za stomatologa, nego kada se radi sa ru\u010dnim instrumentima<br \/>\u2022 efikasna obrada zakrivljenih i povijenih kanala<br \/>U me\u0111useansama zub se puni pastama koji deluju antimikrobno. U zavisnosti od situacije, medikacija se po potrebi ponavlja vi\u0161e puta.<br \/>Sa druge strane nekad se endodontski tretman mo\u017ee zavr\u0161iti u jednoj seansi.<br \/>Kada je u potpunosti obeskli\u010den prostor, nema bolova, osetljivosti na perkusiju (kuckanje), nema fetora i sekrecije zub se mo\u017ee definitivno \u201cnapuniti\u201d.<br \/>Definitivna opturacija (\u201cpunjenje\u201d) kanala vr\u0161i se primenom silera (paste) i gutaperka \u0161tapi\u0107a. Zub se privremeno zatvara, a pacijent upu\u0107uje na kontrolno snimanje zuba, sa ciljem provere kvaliteta punjenja.<br \/>Nakon par dana se pristupa definitivnom zbrinjavanju zuba bilo konzervativno plombama ili protetski nadogradnjom i krunicama \u0161to \u0107e zavisiti od inicijalnog o\u0161te\u0107enja zuba.<\/p>\n<p>[\/et_pb_accordion_item][\/et_pb_accordion][\/et_pb_column][et_pb_column type=&#8220;2_5&#8243; _builder_version=&#8220;4.22.1&#8243; _module_preset=&#8220;default&#8220; global_colors_info=&#8220;{}&#8220;][et_pb_image src=&#8220;https:\/\/www.whiteclinicbelgrade.com\/wp-content\/uploads\/2023\/09\/woman-1721069_1920.jpg&#8220; title_text=&#8220;woman-1721069_1920&#8243; _builder_version=&#8220;4.22.1&#8243; _module_preset=&#8220;default&#8220; global_colors_info=&#8220;{}&#8220;][\/et_pb_image][\/et_pb_column][\/et_pb_row][\/et_pb_section]<\/p>\n","protected":false},"excerpt":{"rendered":"<p>Terapija bezubih vilica je najzahtevniji terapijski izazov stomatologa, kako nekada tako i sada. Totalne proteze nikada nisu zadovoljile \u017eelje ni pacijenata ni lekara. Pojava titanijumskih zubnih implantata je donela revoluciju u stomatologiji i omogu\u0107ila pacijentima bez zuba i sa terminalnim stadijumom parodontopatije, po prvi put fiksnu protetsku nadoknadu, koju ne\u0107e morati no\u0107u da dr\u017ee u [&hellip;]<\/p>\n","protected":false},"author":1,"featured_media":0,"parent":0,"menu_order":0,"comment_status":"closed","ping_status":"closed","template":"","meta":{"_et_pb_use_builder":"on","_et_pb_old_content":"","_et_gb_content_width":"","footnotes":""},"class_list":["post-481","page","type-page","status-publish","hentry"],"aioseo_notices":[],"_links":{"self":[{"href":"https:\/\/www.whiteclinicbelgrade.com\/en\/wp-json\/wp\/v2\/pages\/481","targetHints":{"allow":["GET"]}}],"collection":[{"href":"https:\/\/www.whiteclinicbelgrade.com\/en\/wp-json\/wp\/v2\/pages"}],"about":[{"href":"https:\/\/www.whiteclinicbelgrade.com\/en\/wp-json\/wp\/v2\/types\/page"}],"author":[{"embeddable":true,"href":"https:\/\/www.whiteclinicbelgrade.com\/en\/wp-json\/wp\/v2\/users\/1"}],"replies":[{"embeddable":true,"href":"https:\/\/www.whiteclinicbelgrade.com\/en\/wp-json\/wp\/v2\/comments?post=481"}],"version-history":[{"count":13,"href":"https:\/\/www.whiteclinicbelgrade.com\/en\/wp-json\/wp\/v2\/pages\/481\/revisions"}],"predecessor-version":[{"id":1102,"href":"https:\/\/www.whiteclinicbelgrade.com\/en\/wp-json\/wp\/v2\/pages\/481\/revisions\/1102"}],"wp:attachment":[{"href":"https:\/\/www.whiteclinicbelgrade.com\/en\/wp-json\/wp\/v2\/media?parent=481"}],"curies":[{"name":"wordpress","href":"https:\/\/api.w.org\/{rel}","templated":true}]}}