{"id":541,"date":"2023-11-27T10:23:24","date_gmt":"2023-11-27T10:23:24","guid":{"rendered":"https:\/\/www.whiteclinicbelgrade.com\/?page_id=541"},"modified":"2026-03-02T20:06:52","modified_gmt":"2026-03-02T19:06:52","slug":"dr-vladimir-malusev","status":"publish","type":"page","link":"https:\/\/www.whiteclinicbelgrade.com\/en\/dr-vladimir-malusev\/","title":{"rendered":"Dr. Vladimir Malu\u0161ev"},"content":{"rendered":"<p>[et_pb_section fb_built=&#8220;1&#8243; _builder_version=&#8220;4.16&#8243; global_colors_info=&#8220;{}&#8220;][et_pb_row _builder_version=&#8220;4.23.1&#8243; _module_preset=&#8220;default&#8220; global_colors_info=&#8220;{}&#8220;][et_pb_column type=&#8220;4_4&#8243; _builder_version=&#8220;4.23.1&#8243; _module_preset=&#8220;default&#8220; global_colors_info=&#8220;{}&#8220;][et_pb_text _builder_version=&#8220;4.23.1&#8243; _module_preset=&#8220;default&#8220; global_colors_info=&#8220;{}&#8220;]<\/p>\n<h1><strong>Dr Vladimir Malu\u0161ev<\/strong><\/h1>\n<p>[\/et_pb_text][\/et_pb_column][\/et_pb_row][et_pb_row column_structure=&#8220;2_5,3_5&#8243; _builder_version=&#8220;4.16&#8243; background_size=&#8220;initial&#8220; background_position=&#8220;top_left&#8220; background_repeat=&#8220;repeat&#8220; global_colors_info=&#8220;{}&#8220;][et_pb_column type=&#8220;2_5&#8243; _builder_version=&#8220;4.16&#8243; custom_padding=&#8220;|||&#8220; global_colors_info=&#8220;{}&#8220; custom_padding__hover=&#8220;|||&#8220;][et_pb_image src=&#8220;https:\/\/www.whiteclinicbelgrade.com\/wp-content\/uploads\/2023\/09\/VM.png&#8220; title_text=&#8220;VM&#8220; _builder_version=&#8220;4.23.1&#8243; _module_preset=&#8220;default&#8220; global_colors_info=&#8220;{}&#8220;][\/et_pb_image][\/et_pb_column][et_pb_column type=&#8220;3_5&#8243; _builder_version=&#8220;4.16&#8243; custom_padding=&#8220;|||&#8220; global_colors_info=&#8220;{}&#8220; custom_padding__hover=&#8220;|||&#8220;][et_pb_text _builder_version=&#8220;4.23.1&#8243; background_size=&#8220;initial&#8220; background_position=&#8220;top_left&#8220; background_repeat=&#8220;repeat&#8220; text_orientation=&#8220;justified&#8220; global_colors_info=&#8220;{}&#8220;]<\/p>\n<p style=\"text-align: justify;\">Upisuje Stomatolo\u0161ki fakultet Univerziteta u Beogradu 1997. godine nakon zavr\u0161etka \u0160este beogradske gimnazije. Letnju praksu obavlja 2005. godine, na klinici za Oralnu hirurgiju kod prof. Snje\u017eane \u010coli\u0107 gde vrlo brzo shvata kojom \u0107e se oblasti stomatologije baviti.<br \/>Nakon diplomiranja, iste godine, odlazi na slu\u017eenje redovnog vojnog roka u Novi Sad, a nakon redovne obuke od tri meseca, dobija prekomandu u Beograd, u ambulantu General\u0161taba, gde sti\u010de prva prakti\u010dna iskustva nakon fakulteta.<br \/>Upisuje pripravni\u010dki sta\u017e na Stomatolo\u0161kom fakultetu u Beogradu 2006. godine, a nakon polo\u017eenog dr\u017eavnog ispita, zapo\u0161ljava se u privatnoj stomatolo\u0161koj ordinaciji \u201cDIV\u201d doktorke Vere Peklar, u Beogradu, gde se bavi op\u0161tom stomatologijom i gde \u0107e raditi do 2013. godine.<br \/>Tokom radnog sta\u017ea u ordinaciji \u201cDIV\u201d, po\u010dinje saradnju sa firmom \u201cImplantodent\u201d iz Beograda koja se bavi uvozom I distribucijom Straumann implantata, dana\u0161nji \u201cDemeas\u201d i upoznaje se detaljnije sa finesama implantnog sistema. Ova saradnja traje od 2007. do 2013. godine.<br \/>Upisuje zdravstvenu specijalizaciju iz Oralne hirurgije na Stomatolo\u0161kom fakultetu u Beogradu 2009. pod mentorstvom prof. dr Bojana Ga\u010di\u0107a i diplomira sa odli\u010dnim uspehom 2013. godine a slede\u0107e godine u\u010destvuje u osnivanju specijalisti\u010dke ordinacije \u201cSmile Esthetics\u201d sa firmom \u201cSwissdent\u201d, dana\u0161nji \u201cDemeas\u201d sa idejom stvaranja multidisiciplinarnog pristupa le\u010denju patologije zuba i usne duplje.<br \/>Tokom svoje karijere, redovno poha\u0111a stru\u010dna predavanja u zemlji i inostranstvu, kao \u0161to su kursevi I predavanja prof. dr Alekse Markovi\u0107a i prof. dr Snje\u017eane \u010coli\u0107 koji su posve\u0107eni naprednim tehnikama ugradnje zubnih implantata i nadoknade kosti.<br \/>Kod profesora Bjarni E. Pjetursson I Niklaus Lang obavlja usavr\u0161avanje novembra 2014. u Dubaiju \u010dija je glavna tema planiranje terapije implantima zasnovano na nau\u010dnim dokazima.<br \/>U Hanoveru 2016. kod profesora Gellrich sti\u010de ve\u0161tine I znanja o nadoknadi kosti uz pomo\u0107 ko\u0161tanih transplantata, a 2017. U Bernu, u \u0160vajcarskoj, kod legendarnog profesora Daniel Buser, bavi se re\u0161avanjem komplikacija u estetskoj zoni.<br \/>U Porto odlazi 2018. gde se usavr\u0161ava na ko\u0161tanim transplantima kod profesora de Sousa, a 2019. U Lisabonu, kod profesora Carames, sti\u010de znanja o Pro Arch konceptu rehabilitacije bezube vilice.<br \/>U Brazilu je u martu 2020, pred izbijanje pandemije Covid-19, u institutu ILAPEO u Curitibi gde je fokus imedijatna ugradnja implantata. Vra\u0107a se u Portugaliju, u Bragu, 2021. godine, gde se obu\u010dava za All on 4 koncept terapije bezubih vilica.<br \/>Redovan je \u010dlan ITI, Me\u0111unarodnog tima za Implantologiju, od 2014. i aktivan je na sastancima beogradskog ITI Study Club.<br \/>Januara 2023. sa dr Ru\u017eicom Lalovi\u0107, specijalistom stomatolo\u0161ke protetike I svojim bratom Nikolom Malu\u0161ev, zubnim tehni\u010darem i osniva \u201cWhite Clinic Belgrade\u201d u srcu Beograda sa idejom stvaranja apsolutno integrisane, moderne stomatolo\u0161ke klinike, gde \u0107e pacijenti dobiti svu mogu\u0107u negu na jednom mestu.<\/p>\n<p>[\/et_pb_text][\/et_pb_column][\/et_pb_row][\/et_pb_section]<\/p>\n","protected":false},"excerpt":{"rendered":"<p>Dr Vladimir Malu\u0161evUpisuje Stomatolo\u0161ki fakultet Univerziteta u Beogradu 1997. godine nakon zavr\u0161etka \u0160este beogradske gimnazije. Letnju praksu obavlja 2005. godine, na klinici za Oralnu hirurgiju kod prof. Snje\u017eane \u010coli\u0107 gde vrlo brzo shvata kojom \u0107e se oblasti stomatologije baviti.Nakon diplomiranja, iste godine, odlazi na slu\u017eenje redovnog vojnog roka u Novi Sad, a nakon redovne obuke [&hellip;]<\/p>\n","protected":false},"author":1,"featured_media":238,"parent":0,"menu_order":0,"comment_status":"closed","ping_status":"closed","template":"","meta":{"_et_pb_use_builder":"on","_et_pb_old_content":"<p style=\"text-align: left;\">Upisuje Stomatolo\u0161ki fakultet Univerziteta u Beogradu 1997. godine nakon zavr\u0161etka \u0160este beogradske gimnazije. Letnju praksu obavlja 2005. godine, na klinici za Oralnu hirurgiju kod prof. Snje\u017eane \u010coli\u0107 gde vrlo brzo shvata kojom \u0107e se oblasti stomatologije baviti.<br \/>Nakon diplomiranja, iste godine, odlazi na slu\u017eenje redovnog vojnog roka u Novi Sad, a nakon redovne obuke od tri meseca, dobija prekomandu u Beograd, u ambulantu General\u0161taba, gde sti\u010de prva prakti\u010dna iskustva nakon fakulteta.<br \/>Upisuje pripravni\u010dki sta\u017e na Stomatolo\u0161kom fakultetu u Beogradu 2006. godine, a nakon polo\u017eenog dr\u017eavnog ispita, zapo\u0161ljava se u privatnoj stomatolo\u0161koj ordinaciji \u201cDIV\u201d doktorke Vere Peklar, u Beogradu, gde se bavi op\u0161tom stomatologijom i gde \u0107e raditi do 2013. godine.<br \/>Tokom radnog sta\u017ea u ordinaciji \u201cDIV\u201d, po\u010dinje saradnju sa firmom \u201cImplantodent\u201d iz Beograda koja se bavi uvozom I distribucijom Straumann implantata, dana\u0161nji \u201cDemeas\u201d i upoznaje se detaljnije sa finesama implantnog sistema. Ova saradnja traje od 2007. do 2013. godine.<br \/>Upisuje zdravstvenu specijalizaciju iz Oralne hirurgije na Stomatolo\u0161kom fakultetu u Beogradu 2009. pod mentorstvom prof. dr Bojana Ga\u010di\u0107a i diplomira sa odli\u010dnim uspehom 2013. godine a slede\u0107e godine u\u010destvuje u osnivanju specijalisti\u010dke ordinacije \u201cSmile Esthetics\u201d sa firmom \u201cSwissdent\u201d, dana\u0161nji \u201cDemeas\u201d sa idejom stvaranja multidisiciplinarnog pristupa le\u010denju patologije zuba i usne duplje.<br \/>Tokom svoje karijere, redovno poha\u0111a stru\u010dna predavanja u zemlji i inostranstvu, kao \u0161to su kursevi I predavanja prof. dr Alekse Markovi\u0107a i prof. dr Snje\u017eane \u010coli\u0107 koji su posve\u0107eni naprednim tehnikama ugradnje zubnih implantata i nadoknade kosti. <br \/>Kod profesora Bjarni E. Pjetursson I Niklaus Lang obavlja usavr\u0161avanje novembra 2014. u Dubaiju \u010dija je glavna tema planiranje terapije implantima zasnovano na nau\u010dnim dokazima. <br \/>U Hanoveru 2016. kod profesora Gellrich sti\u010de ve\u0161tine I znanja o nadoknadi kosti uz pomo\u0107 ko\u0161tanih transplantata, a 2017. U Bernu, u \u0160vajcarskoj, kod legendarnog profesora Daniel Buser, bavi se re\u0161avanjem komplikacija u estetskoj zoni. <br \/>U Porto odlazi 2018. gde se usavr\u0161ava na ko\u0161tanim transplantima kod profesora de Sousa, a 2019. U Lisabonu, kod profesora Carames, sti\u010de znanja o Pro Arch konceptu rehabilitacije bezube vilice. <br \/>U Brazilu je u martu 2020, pred izbijanje pandemije Covid-19, u institutu ILAPEO u Curitibi gde je fokus imedijatna ugradnja implantata. Vra\u0107a se u Portugaliju, u Bragu, 2021. godine, gde se obu\u010dava za All on 4 koncept terapije bezubih vilica.<br \/>Redovan je \u010dlan ITI, Me\u0111unarodnog tima za Implantologiju, od 2014. i aktivan je na sastancima beogradskog ITI Study Club.<br \/>Januara 2023. sa dr Ru\u017eicom Lalovi\u0107, specijalistom stomatolo\u0161ke protetike I svojim bratom Nikolom Malu\u0161ev, zubnim tehni\u010darem i osniva \u201cWhite Clinic Belgrade\u201d u srcu Beograda sa idejom stvaranja apsolutno integrisane, moderne stomatolo\u0161ke klinike, gde \u0107e pacijenti dobiti svu mogu\u0107u negu na jednom mestu.<\/p>","_et_gb_content_width":"","footnotes":""},"class_list":["post-541","page","type-page","status-publish","has-post-thumbnail","hentry"],"aioseo_notices":[],"_links":{"self":[{"href":"https:\/\/www.whiteclinicbelgrade.com\/en\/wp-json\/wp\/v2\/pages\/541","targetHints":{"allow":["GET"]}}],"collection":[{"href":"https:\/\/www.whiteclinicbelgrade.com\/en\/wp-json\/wp\/v2\/pages"}],"about":[{"href":"https:\/\/www.whiteclinicbelgrade.com\/en\/wp-json\/wp\/v2\/types\/page"}],"author":[{"embeddable":true,"href":"https:\/\/www.whiteclinicbelgrade.com\/en\/wp-json\/wp\/v2\/users\/1"}],"replies":[{"embeddable":true,"href":"https:\/\/www.whiteclinicbelgrade.com\/en\/wp-json\/wp\/v2\/comments?post=541"}],"version-history":[{"count":5,"href":"https:\/\/www.whiteclinicbelgrade.com\/en\/wp-json\/wp\/v2\/pages\/541\/revisions"}],"predecessor-version":[{"id":1083,"href":"https:\/\/www.whiteclinicbelgrade.com\/en\/wp-json\/wp\/v2\/pages\/541\/revisions\/1083"}],"wp:featuredmedia":[{"embeddable":true,"href":"https:\/\/www.whiteclinicbelgrade.com\/en\/wp-json\/wp\/v2\/media\/238"}],"wp:attachment":[{"href":"https:\/\/www.whiteclinicbelgrade.com\/en\/wp-json\/wp\/v2\/media?parent=541"}],"curies":[{"name":"wordpress","href":"https:\/\/api.w.org\/{rel}","templated":true}]}}