{"id":548,"date":"2023-11-27T11:13:40","date_gmt":"2023-11-27T11:13:40","guid":{"rendered":"https:\/\/www.whiteclinicbelgrade.com\/?page_id=548"},"modified":"2026-03-02T20:23:45","modified_gmt":"2026-03-02T19:23:45","slug":"dr-ruzica-lalovic","status":"publish","type":"page","link":"https:\/\/www.whiteclinicbelgrade.com\/en\/dr-ruzica-lalovic\/","title":{"rendered":"Dr. Ru\u017eica Lalovi\u0107"},"content":{"rendered":"<p>[et_pb_section fb_built=&#8220;1&#8243; _builder_version=&#8220;4.16&#8243; global_colors_info=&#8220;{}&#8220;][et_pb_row _builder_version=&#8220;4.23.1&#8243; _module_preset=&#8220;default&#8220; global_colors_info=&#8220;{}&#8220;][et_pb_column type=&#8220;4_4&#8243; _builder_version=&#8220;4.23.1&#8243; _module_preset=&#8220;default&#8220; global_colors_info=&#8220;{}&#8220;][et_pb_text _builder_version=&#8220;4.23.1&#8243; _module_preset=&#8220;default&#8220; global_colors_info=&#8220;{}&#8220;]<\/p>\n<h1><strong>Dr Ru\u017eica Lalovi\u0107<\/strong><\/h1>\n<p>[\/et_pb_text][\/et_pb_column][\/et_pb_row][et_pb_row column_structure=&#8220;2_5,3_5&#8243; _builder_version=&#8220;4.16&#8243; background_size=&#8220;initial&#8220; background_position=&#8220;top_left&#8220; background_repeat=&#8220;repeat&#8220; global_colors_info=&#8220;{}&#8220;][et_pb_column type=&#8220;2_5&#8243; _builder_version=&#8220;4.16&#8243; custom_padding=&#8220;|||&#8220; global_colors_info=&#8220;{}&#8220; custom_padding__hover=&#8220;|||&#8220;][et_pb_image src=&#8220;https:\/\/www.whiteclinicbelgrade.com\/wp-content\/uploads\/2023\/09\/RL.png&#8220; title_text=&#8220;RL&#8220; _builder_version=&#8220;4.23.1&#8243; _module_preset=&#8220;default&#8220; global_colors_info=&#8220;{}&#8220;][\/et_pb_image][\/et_pb_column][et_pb_column type=&#8220;3_5&#8243; _builder_version=&#8220;4.16&#8243; custom_padding=&#8220;|||&#8220; global_colors_info=&#8220;{}&#8220; custom_padding__hover=&#8220;|||&#8220;][et_pb_text _builder_version=&#8220;4.23.1&#8243; background_size=&#8220;initial&#8220; background_position=&#8220;top_left&#8220; background_repeat=&#8220;repeat&#8220; text_orientation=&#8220;justified&#8220; global_colors_info=&#8220;{}&#8220;]<\/p>\n<p>Dr Ru\u017eica Lalovi\u0107- Nakon zavr\u0161ene XIII beogradske gimnazije, 2003. godine upisuje Stomatolo\u0161ki fakultet u Beogradu. Lekarski sta\u017e obavlja na Stomatolo\u0161kom fakultetu u Beogradu i 2012. godine upisuje akademske specijalisti\u010dke studije iz oblasti stomatolo\u0161ke protetike pod mentorstvom profesora Miodraga \u0160\u0107epanovi\u0107a i profesora Aleksandra Todorovi\u0107a, a zavr\u0161ni nau\u010dni rad, iz oblasti implantologije, 2016. godine pi\u0161e u saradnji sa profesorom Aleksandrom Grbovi\u0107em sa Ma\u0161inskog fakulteta u Beogradu. <br \/>2013. godine zapo\u010dinje svoju karijeru u privatnoj stomatolo\u0161koj ordinaciji \u201cPejanovi\u0107\u201d, januara 2014. godine prelazi u ordinaciju \u201cSmile esthetics\u201d, gde je zaposlena sve do decembra 2022. godine, nakon \u010dega zajedno sa svojim kolegama iz prakse Dr Vladimirom Malu\u0161ev i dt. Nikolom Malu\u0161ev osniva \u201cWhite Clinic Belgrade\u201d, specijalisti\u010dku ordinaciju, sa ciljem stvaranja moderne, multidisciplinarne klinike gde \u0107e pacijenti dobiti kompletnu stomatolo\u0161ku uslugu od tima lekara sa najsavremenijom opremom i najkvalitetnijim materijalima.<\/p>\n<p>Aktivno u\u010destvovala na vi\u0161e stru\u010dnih i nau\u010dnih skupova u zemlji i inostranstvu iz oblasti implantologije, estetske stomatologije, stomatolo\u0161ke protetike, dentalne fotografije.<\/p>\n<p>Sa firmom \u201cDemeas\u201d, nekada\u0161nji naziv \u201cSwissdent\u201d, koja je distributer Straumann group sistema (Straumann i Neodent) ima uspe\u0161nu saradnju od 2014. godine, i uz njihovu podr\u0161ku zavr\u0161ava brojne implantolo\u0161ke kurseve u Srbiji i \u0160vajcarskoj.<\/p>\n<p>Kod profesora Bjarni E. Pjetursson i Niklaus Lang obavlja usavr\u0161avanje novembra 2016. u Dubaiju, a odmah zatim i u Bazelu, \u0160vajcarskoj, kod prof. Dean Morton.<\/p>\n<p>2017. godine u okviru stru\u010dnog usavr\u0161avanja iz oblasti implantologije u Bazelu, \u0160vajcarskoj i Straumann institutu poha\u0111a kurs kod prof. Belsera, jednog od vode\u0107ih svetskih stru\u010dnjaka iz oblasti implantologije.<br \/>Od 2013. redovan je posetilac Ivoclar kongresa u zemlji i inostranstvu. <br \/>Redovan je posetilac IDS-a (Internacionalni sajam stomatologije u Kelnu). \u010clan je ITI-a, me\u0111unarodnog tima za implantologiju od 2014. godine, redovni posetilac Study club-ova u zemlji i svetskih kongresa organizovanih u okviru ovog tima. \u010clan je brojnih udru\u017eenja za estetsku stomatologiju, kao i \u017eenskog svetskog udru\u017eenja implantologa, na \u010dijem prvom okupljanju je bila na Malti 2019. godine.<\/p>\n<p>U svakodnevnom klini\u010dkom radu bavi se estetskom stomatologijom, implantologijom i svim oblastima stomatolo\u0161ke protetike.<\/p>\n<p>[\/et_pb_text][\/et_pb_column][\/et_pb_row][\/et_pb_section]<\/p>\n","protected":false},"excerpt":{"rendered":"<p>Dr Ru\u017eica Lalovi\u0107Dr Ru\u017eica Lalovi\u0107- Nakon zavr\u0161ene XIII beogradske gimnazije, 2003. godine upisuje Stomatolo\u0161ki fakultet u Beogradu. Lekarski sta\u017e obavlja na Stomatolo\u0161kom fakultetu u Beogradu i 2012. godine upisuje akademske specijalisti\u010dke studije iz oblasti stomatolo\u0161ke protetike pod mentorstvom profesora Miodraga \u0160\u0107epanovi\u0107a i profesora Aleksandra Todorovi\u0107a, a zavr\u0161ni nau\u010dni rad, iz oblasti implantologije, 2016. godine pi\u0161e [&hellip;]<\/p>\n","protected":false},"author":1,"featured_media":240,"parent":0,"menu_order":0,"comment_status":"closed","ping_status":"closed","template":"","meta":{"_et_pb_use_builder":"on","_et_pb_old_content":"","_et_gb_content_width":"","footnotes":""},"class_list":["post-548","page","type-page","status-publish","has-post-thumbnail","hentry"],"aioseo_notices":[],"_links":{"self":[{"href":"https:\/\/www.whiteclinicbelgrade.com\/en\/wp-json\/wp\/v2\/pages\/548","targetHints":{"allow":["GET"]}}],"collection":[{"href":"https:\/\/www.whiteclinicbelgrade.com\/en\/wp-json\/wp\/v2\/pages"}],"about":[{"href":"https:\/\/www.whiteclinicbelgrade.com\/en\/wp-json\/wp\/v2\/types\/page"}],"author":[{"embeddable":true,"href":"https:\/\/www.whiteclinicbelgrade.com\/en\/wp-json\/wp\/v2\/users\/1"}],"replies":[{"embeddable":true,"href":"https:\/\/www.whiteclinicbelgrade.com\/en\/wp-json\/wp\/v2\/comments?post=548"}],"version-history":[{"count":5,"href":"https:\/\/www.whiteclinicbelgrade.com\/en\/wp-json\/wp\/v2\/pages\/548\/revisions"}],"predecessor-version":[{"id":1098,"href":"https:\/\/www.whiteclinicbelgrade.com\/en\/wp-json\/wp\/v2\/pages\/548\/revisions\/1098"}],"wp:featuredmedia":[{"embeddable":true,"href":"https:\/\/www.whiteclinicbelgrade.com\/en\/wp-json\/wp\/v2\/media\/240"}],"wp:attachment":[{"href":"https:\/\/www.whiteclinicbelgrade.com\/en\/wp-json\/wp\/v2\/media?parent=548"}],"curies":[{"name":"wordpress","href":"https:\/\/api.w.org\/{rel}","templated":true}]}}