{"id":560,"date":"2023-11-29T16:16:47","date_gmt":"2023-11-29T16:16:47","guid":{"rendered":"https:\/\/www.whiteclinicbelgrade.com\/?page_id=560"},"modified":"2026-03-02T20:19:11","modified_gmt":"2026-03-02T19:19:11","slug":"dr-bojana-vukadinovic","status":"publish","type":"page","link":"https:\/\/www.whiteclinicbelgrade.com\/en\/dr-bojana-vukadinovic\/","title":{"rendered":"Dr. Bojana Vukadinovi\u0107"},"content":{"rendered":"<p>[et_pb_section fb_built=&#8220;1&#8243; _builder_version=&#8220;4.16&#8243; global_colors_info=&#8220;{}&#8220;][et_pb_row _builder_version=&#8220;4.23.1&#8243; _module_preset=&#8220;default&#8220; global_colors_info=&#8220;{}&#8220;][et_pb_column type=&#8220;4_4&#8243; _builder_version=&#8220;4.23.1&#8243; _module_preset=&#8220;default&#8220; global_colors_info=&#8220;{}&#8220;][et_pb_text _builder_version=&#8220;4.23.1&#8243; _module_preset=&#8220;default&#8220; global_colors_info=&#8220;{}&#8220;]<\/p>\n<h1>Dr Bojana Vukadinovi\u0107<\/h1>\n<p>[\/et_pb_text][\/et_pb_column][\/et_pb_row][et_pb_row column_structure=&#8220;2_5,3_5&#8243; _builder_version=&#8220;4.16&#8243; background_size=&#8220;initial&#8220; background_position=&#8220;top_left&#8220; background_repeat=&#8220;repeat&#8220; global_colors_info=&#8220;{}&#8220;][et_pb_column type=&#8220;2_5&#8243; _builder_version=&#8220;4.16&#8243; custom_padding=&#8220;|||&#8220; global_colors_info=&#8220;{}&#8220; custom_padding__hover=&#8220;|||&#8220;][et_pb_image src=&#8220;https:\/\/www.whiteclinicbelgrade.com\/wp-content\/uploads\/2023\/09\/BV.png&#8220; title_text=&#8220;BV&#8220; _builder_version=&#8220;4.23.1&#8243; _module_preset=&#8220;default&#8220; global_colors_info=&#8220;{}&#8220;][\/et_pb_image][\/et_pb_column][et_pb_column type=&#8220;3_5&#8243; _builder_version=&#8220;4.16&#8243; custom_padding=&#8220;|||&#8220; global_colors_info=&#8220;{}&#8220; custom_padding__hover=&#8220;|||&#8220;][et_pb_text _builder_version=&#8220;4.23.1&#8243; background_size=&#8220;initial&#8220; background_position=&#8220;top_left&#8220; background_repeat=&#8220;repeat&#8220; text_orientation=&#8220;justified&#8220; global_colors_info=&#8220;{}&#8220;]<\/p>\n<p>Nakon zavr\u0161ene Prve kragujeva\u010dke gimnazije, diplomirala na Stomatolo\u0161kom fakultetu u Beogradu, 2011.godine. Pripravni\u010dki sta\u017e upisuje na Stomatolo\u0161kom fakultetu , gde je prisustvovala i letnjoj praksi na Klinici za oralnu hirurgiju. <br \/>Od 2012.godine, nakon polo\u017eenog dr\u017eavnog ispita, upisuje postdiplomske studije na Klinici za parodontologiju i oralnu medicinu, kod mentora prof.dr Zorana Aleksi\u0107a.<br \/>Zajedno sa dr Nikolom \u0160oli\u0107em, specijalistom parodontologije i oralne medicine, otvara svoju ordinaciju Perio dental studio, gde radi od 2015. godine do 2023., kada se priklju\u010duje timu White dental clinic Belgrade.<br \/>Kod prof.dr Alekse Mrakovi\u0107-a i prof.dr Miodraga \u0160\u0107epanovi\u0107a zavr\u0161ava Straumann\u00aeBasic Implantology Course, 2016.godine.<br \/>Stru\u010dno usaavr\u0161avanje, pored mnogobrojnih kurseva i skupova, nastavlja na Klinici za oralnu hirurgiju, gde je trnutno na specijalizaciji. <br \/>U klini\u010dkoj praksi u\u010destvuje u preprotetskoj pripremi pacijenata koja podrazumeva endodontsku terapiju i sanaciju potpornog aparata zuba.<\/p>\n<p>[\/et_pb_text][\/et_pb_column][\/et_pb_row][\/et_pb_section]<\/p>\n","protected":false},"excerpt":{"rendered":"<p>Dr Bojana Vukadinovi\u0107Nakon zavr\u0161ene Prve kragujeva\u010dke gimnazije, diplomirala na Stomatolo\u0161kom fakultetu u Beogradu, 2011.godine. Pripravni\u010dki sta\u017e upisuje na Stomatolo\u0161kom fakultetu , gde je prisustvovala i letnjoj praksi na Klinici za oralnu hirurgiju. Od 2012.godine, nakon polo\u017eenog dr\u017eavnog ispita, upisuje postdiplomske studije na Klinici za parodontologiju i oralnu medicinu, kod mentora prof.dr Zorana Aleksi\u0107a.Zajedno sa dr [&hellip;]<\/p>\n","protected":false},"author":1,"featured_media":250,"parent":0,"menu_order":0,"comment_status":"closed","ping_status":"closed","template":"","meta":{"_et_pb_use_builder":"on","_et_pb_old_content":"","_et_gb_content_width":"","footnotes":""},"class_list":["post-560","page","type-page","status-publish","has-post-thumbnail","hentry"],"aioseo_notices":[],"_links":{"self":[{"href":"https:\/\/www.whiteclinicbelgrade.com\/en\/wp-json\/wp\/v2\/pages\/560","targetHints":{"allow":["GET"]}}],"collection":[{"href":"https:\/\/www.whiteclinicbelgrade.com\/en\/wp-json\/wp\/v2\/pages"}],"about":[{"href":"https:\/\/www.whiteclinicbelgrade.com\/en\/wp-json\/wp\/v2\/types\/page"}],"author":[{"embeddable":true,"href":"https:\/\/www.whiteclinicbelgrade.com\/en\/wp-json\/wp\/v2\/users\/1"}],"replies":[{"embeddable":true,"href":"https:\/\/www.whiteclinicbelgrade.com\/en\/wp-json\/wp\/v2\/comments?post=560"}],"version-history":[{"count":5,"href":"https:\/\/www.whiteclinicbelgrade.com\/en\/wp-json\/wp\/v2\/pages\/560\/revisions"}],"predecessor-version":[{"id":1094,"href":"https:\/\/www.whiteclinicbelgrade.com\/en\/wp-json\/wp\/v2\/pages\/560\/revisions\/1094"}],"wp:featuredmedia":[{"embeddable":true,"href":"https:\/\/www.whiteclinicbelgrade.com\/en\/wp-json\/wp\/v2\/media\/250"}],"wp:attachment":[{"href":"https:\/\/www.whiteclinicbelgrade.com\/en\/wp-json\/wp\/v2\/media?parent=560"}],"curies":[{"name":"wordpress","href":"https:\/\/api.w.org\/{rel}","templated":true}]}}