{"id":569,"date":"2023-11-29T16:22:10","date_gmt":"2023-11-29T16:22:10","guid":{"rendered":"https:\/\/www.whiteclinicbelgrade.com\/?page_id=569"},"modified":"2026-03-02T20:22:25","modified_gmt":"2026-03-02T19:22:25","slug":"dr-mina-stefanovic","status":"publish","type":"page","link":"https:\/\/www.whiteclinicbelgrade.com\/en\/dr-mina-stefanovic\/","title":{"rendered":"Dr. Mina Stefanovi\u0107"},"content":{"rendered":"<p>[et_pb_section fb_built=&#8220;1&#8243; _builder_version=&#8220;4.16&#8243; global_colors_info=&#8220;{}&#8220;][et_pb_row _builder_version=&#8220;4.23.1&#8243; _module_preset=&#8220;default&#8220; global_colors_info=&#8220;{}&#8220;][et_pb_column type=&#8220;4_4&#8243; _builder_version=&#8220;4.23.1&#8243; _module_preset=&#8220;default&#8220; global_colors_info=&#8220;{}&#8220;][et_pb_text _builder_version=&#8220;4.23.1&#8243; _module_preset=&#8220;default&#8220; global_colors_info=&#8220;{}&#8220;]<\/p>\n<h1>Dr Mina Stefanovi\u0107<\/h1>\n<p>[\/et_pb_text][\/et_pb_column][\/et_pb_row][et_pb_row column_structure=&#8220;2_5,3_5&#8243; _builder_version=&#8220;4.16&#8243; background_size=&#8220;initial&#8220; background_position=&#8220;top_left&#8220; background_repeat=&#8220;repeat&#8220; global_colors_info=&#8220;{}&#8220;][et_pb_column type=&#8220;2_5&#8243; _builder_version=&#8220;4.16&#8243; custom_padding=&#8220;|||&#8220; global_colors_info=&#8220;{}&#8220; custom_padding__hover=&#8220;|||&#8220;][et_pb_image src=&#8220;https:\/\/www.whiteclinicbelgrade.com\/wp-content\/uploads\/2023\/09\/MS.png&#8220; title_text=&#8220;MS&#8220; _builder_version=&#8220;4.23.1&#8243; _module_preset=&#8220;default&#8220; global_colors_info=&#8220;{}&#8220;][\/et_pb_image][\/et_pb_column][et_pb_column type=&#8220;3_5&#8243; _builder_version=&#8220;4.16&#8243; custom_padding=&#8220;|||&#8220; global_colors_info=&#8220;{}&#8220; custom_padding__hover=&#8220;|||&#8220;][et_pb_text _builder_version=&#8220;4.23.1&#8243; background_size=&#8220;initial&#8220; background_position=&#8220;top_left&#8220; background_repeat=&#8220;repeat&#8220; text_orientation=&#8220;justified&#8220; global_colors_info=&#8220;{}&#8220;]<\/p>\n<p>Dr Mina Stefanovi\u0107 ro\u0111ena je u Beogradu, gde je zavr\u0161ila osnovnu \u0161kolu \u201eDrinka Pavlovi\u0107\u201c i gimnaziju \u201eSveti Sava\u201c. Diplomu doktora stomatologije stekla je na Stomatolo\u0161kom fakultetu Univerziteta u Beogradu gde je obavila i pripravni\u010dki sta\u017e. Nakon polo\u017eenog dr\u017eavnog ispita, bila je zaposlena kao doktor stomatologije u stomatolo\u0161kim ordinacijama Dr Marica Damjanovi\u0107 od 2013. do 2015. godine, Slodent od 2017. do 2020. godine i Smile Esthetics od 2017. do 2023. U ordinaciji White Clinic Belgrade radi od osnivanja (2023. godina). <br \/>U periodu od 2015. do 2016. godine radila je na ispitivanju ne\u017eeljenih dejstava lekova u klini\u010dkim istra\u017eivanja u kompaniji Primavigilance.<br \/>Usavr\u0161ava se iz oblasti endodoncije (kursevi: Dr Sr\u0111an Tasi\u0107 \u2013 Savremena endodontska terapija; Dr Goran To\u0161i\u0107 \u2013 Ma\u0161inska obrada kanala Waveone recipro\u010dnim instrumentima \u2013 Rotary endodontics), restorativne stomatologije (3M kurs Direct composite restaurations in the esthetic zone) i implantolo\u0161ko-protetske rehabilitacije (Neodent first steps \u2013 from zero to perfection).<br \/>Pored kurseva i kongresa u zemlji, boravila je na usavr\u0161avanju u inostranstvu u ordinaciji dr Sa\u0161e Veselinovi\u0107a u Kelnu, Nema\u010dka, u ordinacijama dr Samer-a Gkazoul-a i dr Katerina-e Paparizou u Larisi, Gr\u010dka, kao i u ordinaciji dr Konstantinos-a Papadopoulos-a u Kateriniju, Gr\u010dka. <\/p>\n<p>[\/et_pb_text][\/et_pb_column][\/et_pb_row][\/et_pb_section]<\/p>\n","protected":false},"excerpt":{"rendered":"<p>Dr Mina Stefanovi\u0107Dr Mina Stefanovi\u0107 ro\u0111ena je u Beogradu, gde je zavr\u0161ila osnovnu \u0161kolu \u201eDrinka Pavlovi\u0107\u201c i gimnaziju \u201eSveti Sava\u201c. Diplomu doktora stomatologije stekla je na Stomatolo\u0161kom fakultetu Univerziteta u Beogradu gde je obavila i pripravni\u010dki sta\u017e. Nakon polo\u017eenog dr\u017eavnog ispita, bila je zaposlena kao doktor stomatologije u stomatolo\u0161kim ordinacijama Dr Marica Damjanovi\u0107 od 2013. [&hellip;]<\/p>\n","protected":false},"author":1,"featured_media":252,"parent":0,"menu_order":0,"comment_status":"closed","ping_status":"closed","template":"","meta":{"_et_pb_use_builder":"on","_et_pb_old_content":"","_et_gb_content_width":"","footnotes":""},"class_list":["post-569","page","type-page","status-publish","has-post-thumbnail","hentry"],"aioseo_notices":[],"_links":{"self":[{"href":"https:\/\/www.whiteclinicbelgrade.com\/en\/wp-json\/wp\/v2\/pages\/569","targetHints":{"allow":["GET"]}}],"collection":[{"href":"https:\/\/www.whiteclinicbelgrade.com\/en\/wp-json\/wp\/v2\/pages"}],"about":[{"href":"https:\/\/www.whiteclinicbelgrade.com\/en\/wp-json\/wp\/v2\/types\/page"}],"author":[{"embeddable":true,"href":"https:\/\/www.whiteclinicbelgrade.com\/en\/wp-json\/wp\/v2\/users\/1"}],"replies":[{"embeddable":true,"href":"https:\/\/www.whiteclinicbelgrade.com\/en\/wp-json\/wp\/v2\/comments?post=569"}],"version-history":[{"count":4,"href":"https:\/\/www.whiteclinicbelgrade.com\/en\/wp-json\/wp\/v2\/pages\/569\/revisions"}],"predecessor-version":[{"id":1097,"href":"https:\/\/www.whiteclinicbelgrade.com\/en\/wp-json\/wp\/v2\/pages\/569\/revisions\/1097"}],"wp:featuredmedia":[{"embeddable":true,"href":"https:\/\/www.whiteclinicbelgrade.com\/en\/wp-json\/wp\/v2\/media\/252"}],"wp:attachment":[{"href":"https:\/\/www.whiteclinicbelgrade.com\/en\/wp-json\/wp\/v2\/media?parent=569"}],"curies":[{"name":"wordpress","href":"https:\/\/api.w.org\/{rel}","templated":true}]}}