{"id":582,"date":"2023-11-29T16:35:13","date_gmt":"2023-11-29T16:35:13","guid":{"rendered":"https:\/\/www.whiteclinicbelgrade.com\/?page_id=582"},"modified":"2026-03-02T20:27:23","modified_gmt":"2026-03-02T19:27:23","slug":"dr-tamara-savic","status":"publish","type":"page","link":"https:\/\/www.whiteclinicbelgrade.com\/en\/dr-tamara-savic\/","title":{"rendered":"Dr. Tamara Savi\u0107"},"content":{"rendered":"<p>[et_pb_section fb_built=&#8220;1&#8243; _builder_version=&#8220;4.16&#8243; global_colors_info=&#8220;{}&#8220;][et_pb_row _builder_version=&#8220;4.23.1&#8243; _module_preset=&#8220;default&#8220; global_colors_info=&#8220;{}&#8220;][et_pb_column type=&#8220;4_4&#8243; _builder_version=&#8220;4.23.1&#8243; _module_preset=&#8220;default&#8220; global_colors_info=&#8220;{}&#8220;][et_pb_text _builder_version=&#8220;4.23.1&#8243; _module_preset=&#8220;default&#8220; global_colors_info=&#8220;{}&#8220;]<\/p>\n<h1>Dr Tamara Savi\u0107<\/h1>\n<p>[\/et_pb_text][\/et_pb_column][\/et_pb_row][et_pb_row column_structure=&#8220;2_5,3_5&#8243; _builder_version=&#8220;4.16&#8243; background_size=&#8220;initial&#8220; background_position=&#8220;top_left&#8220; background_repeat=&#8220;repeat&#8220; global_colors_info=&#8220;{}&#8220;][et_pb_column type=&#8220;2_5&#8243; _builder_version=&#8220;4.16&#8243; custom_padding=&#8220;|||&#8220; global_colors_info=&#8220;{}&#8220; custom_padding__hover=&#8220;|||&#8220;][et_pb_image src=&#8220;https:\/\/www.whiteclinicbelgrade.com\/wp-content\/uploads\/2023\/09\/TS.png&#8220; title_text=&#8220;TS&#8220; _builder_version=&#8220;4.23.1&#8243; _module_preset=&#8220;default&#8220; global_colors_info=&#8220;{}&#8220;][\/et_pb_image][\/et_pb_column][et_pb_column type=&#8220;3_5&#8243; _builder_version=&#8220;4.16&#8243; custom_padding=&#8220;|||&#8220; global_colors_info=&#8220;{}&#8220; custom_padding__hover=&#8220;|||&#8220;][et_pb_text _builder_version=&#8220;4.23.1&#8243; background_size=&#8220;initial&#8220; background_position=&#8220;top_left&#8220; background_repeat=&#8220;repeat&#8220; text_orientation=&#8220;justified&#8220; global_colors_info=&#8220;{}&#8220;]<\/p>\n<p>Ro\u0111ena u Beogradu, gimnaziju zavr\u0161ila u Vr\u0161cu, nakon \u010dega upisuje Stomatolo\u0161ki fakultet u Pan\u010devu, 2017. godine. Zbog postignutih rezultata tokom studija, u organizaciji fakulteta odlazi u Be\u010d, na kurs pod pokroviteljstvom Ivoclar Academy, pod nazivom ,,Modern trends in contemporary dentistry\u201c, koji dr\u017ee prof. dr. Danimir Jevremovi\u0107 i prof. dr. Irena Melih. Decembra 2022. godine diplomira u roku, odmah nakon toga po\u010dinje pripravni\u010dki sta\u017e u White Clinic Belgrade, stomatolo\u0161koj ordinaciji specijalizovanoj u svim oblastima stomatologije, kod mentora dr Vladimira Malu\u0161eva. Odlu\u010dila je da znanje i iskustvo sti\u010de od najboljih i kroz to prona\u0111e i sopstveni put daljeg \u0161kolovanja i usavr\u0161avanja. Redovno pose\u0107uje simpozijume iz svih oblasti stomatologije i raduje se da pro\u0161iri svoje znanje.<\/p>\n<p>[\/et_pb_text][\/et_pb_column][\/et_pb_row][\/et_pb_section]<\/p>\n","protected":false},"excerpt":{"rendered":"<p>Dr Tamara Savi\u0107Ro\u0111ena u Beogradu, gimnaziju zavr\u0161ila u Vr\u0161cu, nakon \u010dega upisuje Stomatolo\u0161ki fakultet u Pan\u010devu, 2017. godine. Zbog postignutih rezultata tokom studija, u organizaciji fakulteta odlazi u Be\u010d, na kurs pod pokroviteljstvom Ivoclar Academy, pod nazivom ,,Modern trends in contemporary dentistry\u201c, koji dr\u017ee prof. dr. Danimir Jevremovi\u0107 i prof. dr. Irena Melih. Decembra 2022. [&hellip;]<\/p>\n","protected":false},"author":1,"featured_media":262,"parent":0,"menu_order":0,"comment_status":"closed","ping_status":"closed","template":"","meta":{"_et_pb_use_builder":"on","_et_pb_old_content":"","_et_gb_content_width":"","footnotes":""},"class_list":["post-582","page","type-page","status-publish","has-post-thumbnail","hentry"],"aioseo_notices":[],"_links":{"self":[{"href":"https:\/\/www.whiteclinicbelgrade.com\/en\/wp-json\/wp\/v2\/pages\/582","targetHints":{"allow":["GET"]}}],"collection":[{"href":"https:\/\/www.whiteclinicbelgrade.com\/en\/wp-json\/wp\/v2\/pages"}],"about":[{"href":"https:\/\/www.whiteclinicbelgrade.com\/en\/wp-json\/wp\/v2\/types\/page"}],"author":[{"embeddable":true,"href":"https:\/\/www.whiteclinicbelgrade.com\/en\/wp-json\/wp\/v2\/users\/1"}],"replies":[{"embeddable":true,"href":"https:\/\/www.whiteclinicbelgrade.com\/en\/wp-json\/wp\/v2\/comments?post=582"}],"version-history":[{"count":4,"href":"https:\/\/www.whiteclinicbelgrade.com\/en\/wp-json\/wp\/v2\/pages\/582\/revisions"}],"predecessor-version":[{"id":1101,"href":"https:\/\/www.whiteclinicbelgrade.com\/en\/wp-json\/wp\/v2\/pages\/582\/revisions\/1101"}],"wp:featuredmedia":[{"embeddable":true,"href":"https:\/\/www.whiteclinicbelgrade.com\/en\/wp-json\/wp\/v2\/media\/262"}],"wp:attachment":[{"href":"https:\/\/www.whiteclinicbelgrade.com\/en\/wp-json\/wp\/v2\/media?parent=582"}],"curies":[{"name":"wordpress","href":"https:\/\/api.w.org\/{rel}","templated":true}]}}