{"id":588,"date":"2023-11-29T16:38:08","date_gmt":"2023-11-29T16:38:08","guid":{"rendered":"https:\/\/www.whiteclinicbelgrade.com\/?page_id=588"},"modified":"2026-03-02T20:21:21","modified_gmt":"2026-03-02T19:21:21","slug":"dr-jana-sibinovic","status":"publish","type":"page","link":"https:\/\/www.whiteclinicbelgrade.com\/en\/dr-jana-sibinovic\/","title":{"rendered":"Dr. Jana Sibinovi\u0107"},"content":{"rendered":"<p>[et_pb_section fb_built=&#8220;1&#8243; _builder_version=&#8220;4.16&#8243; global_colors_info=&#8220;{}&#8220;][et_pb_row _builder_version=&#8220;4.23.1&#8243; _module_preset=&#8220;default&#8220; global_colors_info=&#8220;{}&#8220;][et_pb_column type=&#8220;4_4&#8243; _builder_version=&#8220;4.23.1&#8243; _module_preset=&#8220;default&#8220; global_colors_info=&#8220;{}&#8220;][et_pb_text _builder_version=&#8220;4.23.1&#8243; _module_preset=&#8220;default&#8220; global_colors_info=&#8220;{}&#8220;]<\/p>\n<h1>Dr Jana Sibinovi\u0107<\/h1>\n<p>[\/et_pb_text][\/et_pb_column][\/et_pb_row][et_pb_row column_structure=&#8220;2_5,3_5&#8243; _builder_version=&#8220;4.16&#8243; background_size=&#8220;initial&#8220; background_position=&#8220;top_left&#8220; background_repeat=&#8220;repeat&#8220; global_colors_info=&#8220;{}&#8220;][et_pb_column type=&#8220;2_5&#8243; _builder_version=&#8220;4.16&#8243; custom_padding=&#8220;|||&#8220; global_colors_info=&#8220;{}&#8220; custom_padding__hover=&#8220;|||&#8220;][et_pb_image src=&#8220;https:\/\/www.whiteclinicbelgrade.com\/wp-content\/uploads\/2023\/09\/JS.png&#8220; title_text=&#8220;JS&#8220; _builder_version=&#8220;4.23.1&#8243; _module_preset=&#8220;default&#8220; global_colors_info=&#8220;{}&#8220;][\/et_pb_image][\/et_pb_column][et_pb_column type=&#8220;3_5&#8243; _builder_version=&#8220;4.16&#8243; custom_padding=&#8220;|||&#8220; global_colors_info=&#8220;{}&#8220; custom_padding__hover=&#8220;|||&#8220;][et_pb_text _builder_version=&#8220;4.23.1&#8243; background_size=&#8220;initial&#8220; background_position=&#8220;top_left&#8220; background_repeat=&#8220;repeat&#8220; text_orientation=&#8220;justified&#8220; global_colors_info=&#8220;{}&#8220;]<\/p>\n<p>Ro\u0111ena je 1996. godine u \u0106upriji, gde zavr\u0161ava osnovnu i srednju \u0161kolu. <br \/>Upisuje Stomatolo\u0161ki fakultet Univerziteta u Beogradu 2015. godine i diplomira u roku, \u0161est godina kasnije. <br \/>Pripravni\u010dki sta\u017e obavlja u Domu zdravlja \u201cZemun\u201d i pola\u017ee dr\u017eavni ispit. <br \/>Redovno se usavr\u0161ava i poha\u0111a kurseve na poljima protetike, nehirur\u0161ke antiage medicine i endodoncije. <br \/>U\u017eiva u radu sa pacijentima i vra\u0107anju njihovog osmeha na lice. <br \/>U slobodno vreme u\u017eiva u \u0161etnji sa psom, putovanjima i dobrim knjigama.<\/p>\n<p>[\/et_pb_text][\/et_pb_column][\/et_pb_row][\/et_pb_section]<\/p>\n","protected":false},"excerpt":{"rendered":"<p>Dr Jana Sibinovi\u0107Ro\u0111ena je 1996. godine u \u0106upriji, gde zavr\u0161ava osnovnu i srednju \u0161kolu. Upisuje Stomatolo\u0161ki fakultet Univerziteta u Beogradu 2015. godine i diplomira u roku, \u0161est godina kasnije. Pripravni\u010dki sta\u017e obavlja u Domu zdravlja \u201cZemun\u201d i pola\u017ee dr\u017eavni ispit. Redovno se usavr\u0161ava i poha\u0111a kurseve na poljima protetike, nehirur\u0161ke antiage medicine i endodoncije. U\u017eiva [&hellip;]<\/p>\n","protected":false},"author":1,"featured_media":260,"parent":0,"menu_order":0,"comment_status":"closed","ping_status":"closed","template":"","meta":{"_et_pb_use_builder":"on","_et_pb_old_content":"","_et_gb_content_width":"","footnotes":""},"class_list":["post-588","page","type-page","status-publish","has-post-thumbnail","hentry"],"aioseo_notices":[],"_links":{"self":[{"href":"https:\/\/www.whiteclinicbelgrade.com\/en\/wp-json\/wp\/v2\/pages\/588","targetHints":{"allow":["GET"]}}],"collection":[{"href":"https:\/\/www.whiteclinicbelgrade.com\/en\/wp-json\/wp\/v2\/pages"}],"about":[{"href":"https:\/\/www.whiteclinicbelgrade.com\/en\/wp-json\/wp\/v2\/types\/page"}],"author":[{"embeddable":true,"href":"https:\/\/www.whiteclinicbelgrade.com\/en\/wp-json\/wp\/v2\/users\/1"}],"replies":[{"embeddable":true,"href":"https:\/\/www.whiteclinicbelgrade.com\/en\/wp-json\/wp\/v2\/comments?post=588"}],"version-history":[{"count":4,"href":"https:\/\/www.whiteclinicbelgrade.com\/en\/wp-json\/wp\/v2\/pages\/588\/revisions"}],"predecessor-version":[{"id":1096,"href":"https:\/\/www.whiteclinicbelgrade.com\/en\/wp-json\/wp\/v2\/pages\/588\/revisions\/1096"}],"wp:featuredmedia":[{"embeddable":true,"href":"https:\/\/www.whiteclinicbelgrade.com\/en\/wp-json\/wp\/v2\/media\/260"}],"wp:attachment":[{"href":"https:\/\/www.whiteclinicbelgrade.com\/en\/wp-json\/wp\/v2\/media?parent=588"}],"curies":[{"name":"wordpress","href":"https:\/\/api.w.org\/{rel}","templated":true}]}}