{"id":594,"date":"2023-11-29T16:42:28","date_gmt":"2023-11-29T16:42:28","guid":{"rendered":"https:\/\/www.whiteclinicbelgrade.com\/?page_id=594"},"modified":"2026-03-02T20:17:36","modified_gmt":"2026-03-02T19:17:36","slug":"angelja-stevcevic","status":"publish","type":"page","link":"https:\/\/www.whiteclinicbelgrade.com\/en\/andjela-stevcevic\/","title":{"rendered":"Angel Stev\u010devi\u0107"},"content":{"rendered":"<p>[et_pb_section fb_built=&#8220;1&#8243; _builder_version=&#8220;4.16&#8243; global_colors_info=&#8220;{}&#8220;][et_pb_row _builder_version=&#8220;4.23.1&#8243; _module_preset=&#8220;default&#8220; global_colors_info=&#8220;{}&#8220;][et_pb_column type=&#8220;4_4&#8243; _builder_version=&#8220;4.23.1&#8243; _module_preset=&#8220;default&#8220; global_colors_info=&#8220;{}&#8220;][et_pb_text _builder_version=&#8220;4.23.1&#8243; _module_preset=&#8220;default&#8220; global_colors_info=&#8220;{}&#8220;]<\/p>\n<h1>An\u0111ela Stev\u010devi\u0107<\/h1>\n<p>[\/et_pb_text][\/et_pb_column][\/et_pb_row][et_pb_row column_structure=&#8220;2_5,3_5&#8243; _builder_version=&#8220;4.16&#8243; background_size=&#8220;initial&#8220; background_position=&#8220;top_left&#8220; background_repeat=&#8220;repeat&#8220; global_colors_info=&#8220;{}&#8220;][et_pb_column type=&#8220;2_5&#8243; _builder_version=&#8220;4.16&#8243; custom_padding=&#8220;|||&#8220; global_colors_info=&#8220;{}&#8220; custom_padding__hover=&#8220;|||&#8220;][et_pb_image src=&#8220;https:\/\/www.whiteclinicbelgrade.com\/wp-content\/uploads\/2023\/11\/Andjela-Stevcevic.jpeg&#8220; title_text=&#8220;Andjela Stevcevic&#8220; _builder_version=&#8220;4.23.1&#8243; _module_preset=&#8220;default&#8220; global_colors_info=&#8220;{}&#8220;][\/et_pb_image][\/et_pb_column][et_pb_column type=&#8220;3_5&#8243; _builder_version=&#8220;4.16&#8243; custom_padding=&#8220;|||&#8220; global_colors_info=&#8220;{}&#8220; custom_padding__hover=&#8220;|||&#8220;][et_pb_text _builder_version=&#8220;4.23.1&#8243; background_size=&#8220;initial&#8220; background_position=&#8220;top_left&#8220; background_repeat=&#8220;repeat&#8220; text_orientation=&#8220;justified&#8220; global_colors_info=&#8220;{}&#8220;]<\/p>\n<p>Ro\u0111ena u Beogradu, nakon zavr\u0161ene Tre\u0107e beogradske gimnazije, 2015. godine upisuje Stomatolo\u0161ki fakultet Univerziteta u Beogradu. Oktobra 2021. godine po\u010dinje da volontira u specijalisti\u010dkoj stomatolo\u0161koj ordinaciji \u2018Smile Esthetics\u2019, a volonterski rad obavlja pod mentorstvom dr Ru\u017eice Lalovi\u0107 i dr Vladimira Malu\u0161eva. <br \/>Decembra 2022. godine prelazi u White Clinic Belgrade, stomatolo\u0161ku ordinaciju specijalizovanu u svim oblastima stomatologije, gde se pored volonterskog rada, posebno bavi marketingom u zdravstvu i dentalnom fotografijom.<\/p>\n<p>Kontinuirano se edukuje u zemlji iz oblasti stomatolo\u0161ke protetike (UESS Simpozijum Sinergija 5.0, Ivoclar Competence in Digital Dentistry), redovni je u\u010desnik Simpozijuma oralnih hirurga i oralnih implantologa Srbije od 2021. godine. <br \/>Na kongresu biomedicinskih nauka Srbije prezentuje nau\u010dno-istra\u017eiva\u010dki rad na temu \u2018 Analiza efikasnosti razli\u010ditih tehnika u izradi privremenih nadoknada\u2019 iz oblasti stomatolo\u0161ke protetike, pod mentorstvom profesora Miodraga \u0160\u0107epanovi\u0107a I osvaja nagradu za najbolji nau\u010dni rad. <br \/>Sertifikovana od kompanije Revanesse za primenu dermalnih filera.<\/p>\n<p>[\/et_pb_text][\/et_pb_column][\/et_pb_row][\/et_pb_section]<\/p>\n","protected":false},"excerpt":{"rendered":"<p>An\u0111ela Stev\u010devi\u0107Ro\u0111ena u Beogradu, nakon zavr\u0161ene Tre\u0107e beogradske gimnazije, 2015. godine upisuje Stomatolo\u0161ki fakultet Univerziteta u Beogradu. Oktobra 2021. godine po\u010dinje da volontira u specijalisti\u010dkoj stomatolo\u0161koj ordinaciji \u2018Smile Esthetics\u2019, a volonterski rad obavlja pod mentorstvom dr Ru\u017eice Lalovi\u0107 i dr Vladimira Malu\u0161eva. Decembra 2022. godine prelazi u White Clinic Belgrade, stomatolo\u0161ku ordinaciju specijalizovanu u svim [&hellip;]<\/p>\n","protected":false},"author":1,"featured_media":271,"parent":0,"menu_order":0,"comment_status":"closed","ping_status":"closed","template":"","meta":{"_et_pb_use_builder":"on","_et_pb_old_content":"","_et_gb_content_width":"","footnotes":""},"class_list":["post-594","page","type-page","status-publish","has-post-thumbnail","hentry"],"aioseo_notices":[],"_links":{"self":[{"href":"https:\/\/www.whiteclinicbelgrade.com\/en\/wp-json\/wp\/v2\/pages\/594","targetHints":{"allow":["GET"]}}],"collection":[{"href":"https:\/\/www.whiteclinicbelgrade.com\/en\/wp-json\/wp\/v2\/pages"}],"about":[{"href":"https:\/\/www.whiteclinicbelgrade.com\/en\/wp-json\/wp\/v2\/types\/page"}],"author":[{"embeddable":true,"href":"https:\/\/www.whiteclinicbelgrade.com\/en\/wp-json\/wp\/v2\/users\/1"}],"replies":[{"embeddable":true,"href":"https:\/\/www.whiteclinicbelgrade.com\/en\/wp-json\/wp\/v2\/comments?post=594"}],"version-history":[{"count":6,"href":"https:\/\/www.whiteclinicbelgrade.com\/en\/wp-json\/wp\/v2\/pages\/594\/revisions"}],"predecessor-version":[{"id":1092,"href":"https:\/\/www.whiteclinicbelgrade.com\/en\/wp-json\/wp\/v2\/pages\/594\/revisions\/1092"}],"wp:featuredmedia":[{"embeddable":true,"href":"https:\/\/www.whiteclinicbelgrade.com\/en\/wp-json\/wp\/v2\/media\/271"}],"wp:attachment":[{"href":"https:\/\/www.whiteclinicbelgrade.com\/en\/wp-json\/wp\/v2\/media?parent=594"}],"curies":[{"name":"wordpress","href":"https:\/\/api.w.org\/{rel}","templated":true}]}}