{"id":601,"date":"2023-11-29T16:45:56","date_gmt":"2023-11-29T16:45:56","guid":{"rendered":"https:\/\/www.whiteclinicbelgrade.com\/?page_id=601"},"modified":"2026-03-02T20:14:08","modified_gmt":"2026-03-02T19:14:08","slug":"ana-ilic","status":"publish","type":"page","link":"https:\/\/www.whiteclinicbelgrade.com\/en\/ana-ilic\/","title":{"rendered":"Ana Ili\u0107"},"content":{"rendered":"<p>[et_pb_section fb_built=&#8220;1&#8243; _builder_version=&#8220;4.16&#8243; global_colors_info=&#8220;{}&#8220;][et_pb_row _builder_version=&#8220;4.23.1&#8243; _module_preset=&#8220;default&#8220; global_colors_info=&#8220;{}&#8220;][et_pb_column type=&#8220;4_4&#8243; _builder_version=&#8220;4.23.1&#8243; _module_preset=&#8220;default&#8220; global_colors_info=&#8220;{}&#8220;][et_pb_text _builder_version=&#8220;4.23.1&#8243; _module_preset=&#8220;default&#8220; global_colors_info=&#8220;{}&#8220;]<\/p>\n<h1>Ana Ili\u0107<\/h1>\n<p>[\/et_pb_text][\/et_pb_column][\/et_pb_row][et_pb_row column_structure=&#8220;2_5,3_5&#8243; _builder_version=&#8220;4.16&#8243; background_size=&#8220;initial&#8220; background_position=&#8220;top_left&#8220; background_repeat=&#8220;repeat&#8220; global_colors_info=&#8220;{}&#8220;][et_pb_column type=&#8220;2_5&#8243; _builder_version=&#8220;4.16&#8243; custom_padding=&#8220;|||&#8220; global_colors_info=&#8220;{}&#8220; custom_padding__hover=&#8220;|||&#8220;][et_pb_image src=&#8220;https:\/\/www.whiteclinicbelgrade.com\/wp-content\/uploads\/2023\/09\/AI.png&#8220; title_text=&#8220;AI&#8220; _builder_version=&#8220;4.23.1&#8243; _module_preset=&#8220;default&#8220; global_colors_info=&#8220;{}&#8220;][\/et_pb_image][\/et_pb_column][et_pb_column type=&#8220;3_5&#8243; _builder_version=&#8220;4.16&#8243; custom_padding=&#8220;|||&#8220; global_colors_info=&#8220;{}&#8220; custom_padding__hover=&#8220;|||&#8220;][et_pb_text _builder_version=&#8220;4.23.1&#8243; background_size=&#8220;initial&#8220; background_position=&#8220;top_left&#8220; background_repeat=&#8220;repeat&#8220; text_orientation=&#8220;justified&#8220; global_colors_info=&#8220;{}&#8220;]<\/p>\n<p>Rodjena u Beogradu 1986. godine, nakon zavr\u0161ene zubotehni\u010dke \u0161kole (2005), dobija zvanje zubni tehni\u010dar-proteti\u010dar. Odmah zatim upisuje i Vi\u0161u medicinsku \u0161kolu u Zemunu, koju zavr\u0161ava medju prvima u svojoj generaciji, 2008. godine. Pripravni\u010dki sta\u017e obavlja u DZ Vo\u017edovac. Svoju karijeru u privatnoj praksi zapo\u010dinje 2009. godine u stomatolo\u0161koj ordinaciji \u201cDIV\u201d, gde i zapo\u010dinje profesionalnu saradnju sa dr Vladimirom Malusevim, koja se nastavila i godinama kasnije u ordinaciji \u201cSmile esthetics\u201d, a sada i u &#8222;White clinic Belgrade&#8220; ordinaciji. Ana je jedan od najva\u017enijih \u010dlanova na\u0161eg tima, brine o organizovanju zaposlenih i poslovanju same ordinacije, a pre svega do\u010dekuje sve na\u0161e pacijente sa dobro prepoznatljivim osmehom.<\/p>\n<p>&nbsp;<\/p>\n<p>[\/et_pb_text][\/et_pb_column][\/et_pb_row][\/et_pb_section]<\/p>\n","protected":false},"excerpt":{"rendered":"<p>Ana Ili\u0107 Rodjena u Beogradu 1986. godine, nakon zavr\u0161ene zubotehni\u010dke \u0161kole (2005), dobija zvanje zubni tehni\u010dar-proteti\u010dar. Odmah zatim upisuje i Vi\u0161u medicinsku \u0161kolu u Zemunu, koju zavr\u0161ava medju prvima u svojoj generaciji, 2008. godine. Pripravni\u010dki sta\u017e obavlja u DZ Vo\u017edovac. Svoju karijeru u privatnoj praksi zapo\u010dinje 2009. godine u stomatolo\u0161koj ordinaciji \u201cDIV\u201d, gde i zapo\u010dinje [&hellip;]<\/p>\n","protected":false},"author":1,"featured_media":281,"parent":0,"menu_order":0,"comment_status":"closed","ping_status":"closed","template":"","meta":{"_et_pb_use_builder":"on","_et_pb_old_content":"","_et_gb_content_width":"","footnotes":""},"class_list":["post-601","page","type-page","status-publish","has-post-thumbnail","hentry"],"aioseo_notices":[],"_links":{"self":[{"href":"https:\/\/www.whiteclinicbelgrade.com\/en\/wp-json\/wp\/v2\/pages\/601","targetHints":{"allow":["GET"]}}],"collection":[{"href":"https:\/\/www.whiteclinicbelgrade.com\/en\/wp-json\/wp\/v2\/pages"}],"about":[{"href":"https:\/\/www.whiteclinicbelgrade.com\/en\/wp-json\/wp\/v2\/types\/page"}],"author":[{"embeddable":true,"href":"https:\/\/www.whiteclinicbelgrade.com\/en\/wp-json\/wp\/v2\/users\/1"}],"replies":[{"embeddable":true,"href":"https:\/\/www.whiteclinicbelgrade.com\/en\/wp-json\/wp\/v2\/comments?post=601"}],"version-history":[{"count":7,"href":"https:\/\/www.whiteclinicbelgrade.com\/en\/wp-json\/wp\/v2\/pages\/601\/revisions"}],"predecessor-version":[{"id":1088,"href":"https:\/\/www.whiteclinicbelgrade.com\/en\/wp-json\/wp\/v2\/pages\/601\/revisions\/1088"}],"wp:featuredmedia":[{"embeddable":true,"href":"https:\/\/www.whiteclinicbelgrade.com\/en\/wp-json\/wp\/v2\/media\/281"}],"wp:attachment":[{"href":"https:\/\/www.whiteclinicbelgrade.com\/en\/wp-json\/wp\/v2\/media?parent=601"}],"curies":[{"name":"wordpress","href":"https:\/\/api.w.org\/{rel}","templated":true}]}}