{"id":607,"date":"2023-11-29T16:49:41","date_gmt":"2023-11-29T16:49:41","guid":{"rendered":"https:\/\/www.whiteclinicbelgrade.com\/?page_id=607"},"modified":"2026-03-02T20:15:34","modified_gmt":"2026-03-02T19:15:34","slug":"sladjana-stevanovic","status":"publish","type":"page","link":"https:\/\/www.whiteclinicbelgrade.com\/en\/sladjana-stevanovic\/","title":{"rendered":"Sladjana Stevanovi\u0107"},"content":{"rendered":"<p>[et_pb_section fb_built=&#8220;1&#8243; _builder_version=&#8220;4.16&#8243; global_colors_info=&#8220;{}&#8220;][et_pb_row _builder_version=&#8220;4.23.1&#8243; _module_preset=&#8220;default&#8220; global_colors_info=&#8220;{}&#8220;][et_pb_column type=&#8220;4_4&#8243; _builder_version=&#8220;4.23.1&#8243; _module_preset=&#8220;default&#8220; global_colors_info=&#8220;{}&#8220;][et_pb_text _builder_version=&#8220;4.23.1&#8243; _module_preset=&#8220;default&#8220; global_colors_info=&#8220;{}&#8220;]<\/p>\n<h1>Sla\u0111ana Stevanovi\u0107<\/h1>\n<p>[\/et_pb_text][\/et_pb_column][\/et_pb_row][et_pb_row column_structure=&#8220;2_5,3_5&#8243; _builder_version=&#8220;4.16&#8243; background_size=&#8220;initial&#8220; background_position=&#8220;top_left&#8220; background_repeat=&#8220;repeat&#8220; global_colors_info=&#8220;{}&#8220;][et_pb_column type=&#8220;2_5&#8243; _builder_version=&#8220;4.16&#8243; custom_padding=&#8220;|||&#8220; global_colors_info=&#8220;{}&#8220; custom_padding__hover=&#8220;|||&#8220;][et_pb_image src=&#8220;https:\/\/www.whiteclinicbelgrade.com\/wp-content\/uploads\/2023\/09\/SS.png&#8220; title_text=&#8220;SS&#8220; _builder_version=&#8220;4.23.1&#8243; _module_preset=&#8220;default&#8220; global_colors_info=&#8220;{}&#8220;][\/et_pb_image][\/et_pb_column][et_pb_column type=&#8220;3_5&#8243; _builder_version=&#8220;4.16&#8243; custom_padding=&#8220;|||&#8220; global_colors_info=&#8220;{}&#8220; custom_padding__hover=&#8220;|||&#8220;][et_pb_text _builder_version=&#8220;4.23.1&#8243; background_size=&#8220;initial&#8220; background_position=&#8220;top_left&#8220; background_repeat=&#8220;repeat&#8220; text_orientation=&#8220;justified&#8220; global_colors_info=&#8220;{}&#8220;]<\/p>\n<p><span style=\"font-weight: 400;\">Ro\u0111ena je 1991. godine u Gornjem Milanovcu. Srednju zubotehni\u010dku \u0161kolu u Beogradu upisuje 2006.godine, opredeliv\u0161i se za smer zubnog tehni\u010dara.<\/span><\/p>\n<p><span style=\"font-weight: 400;\">Upisuje Visoku medicinsku \u0161kolu u Zemunu, 2010. godine i diplomira kao strukovni sanitarno ekolo\u0161ki in\u017eenjer 2014 godine. Sti\u010de iskustvo obavljaju\u0107i pripravni\u010dki sta\u017e u Institutu za javno zdravlje dr Milan Jovanovi\u0107 Batut.\u00a0<\/span><\/p>\n<ol start=\"2018\">\n<li><span style=\"font-weight: 400;\"> godine po\u010dinje sa radom u Specijalisti\u010dkoj stomatolo\u0161koj ordinaciji &#8222;Smile Esthetics&#8220; gde se, uz pomo\u0107 tima lekara na \u010delu sa dr Vladimirom Malu\u0161evim, vra\u0107a u stomatolo\u0161ke vode.\u00a0<\/span><\/li>\n<\/ol>\n<p><span style=\"font-weight: 400;\">Sla\u0111ana<\/span><span style=\"font-weight: 400;\">\u00a0nastavlja da pru\u017ea i unapre\u0111uje nivo nege pacijenata u &#8222;White Clinic Belgrade&#8220; i svojom vedrinom i efikasno\u0161\u0107u doprinosi kvalitetu rada na\u0161e klinike.<\/span><\/p>\n<p>[\/et_pb_text][\/et_pb_column][\/et_pb_row][\/et_pb_section]<\/p>\n","protected":false},"excerpt":{"rendered":"<p>Sla\u0111ana Stevanovi\u0107Ro\u0111ena je 1991. godine u Gornjem Milanovcu. Srednju zubotehni\u010dku \u0161kolu u Beogradu upisuje 2006.godine, opredeliv\u0161i se za smer zubnog tehni\u010dara. Upisuje Visoku medicinsku \u0161kolu u Zemunu, 2010. godine i diplomira kao strukovni sanitarno ekolo\u0161ki in\u017eenjer 2014 godine. Sti\u010de iskustvo obavljaju\u0107i pripravni\u010dki sta\u017e u Institutu za javno zdravlje dr Milan Jovanovi\u0107 Batut.\u00a0 godine po\u010dinje sa [&hellip;]<\/p>\n","protected":false},"author":1,"featured_media":283,"parent":0,"menu_order":0,"comment_status":"closed","ping_status":"closed","template":"","meta":{"_et_pb_use_builder":"on","_et_pb_old_content":"","_et_gb_content_width":"","footnotes":""},"class_list":["post-607","page","type-page","status-publish","has-post-thumbnail","hentry"],"aioseo_notices":[],"_links":{"self":[{"href":"https:\/\/www.whiteclinicbelgrade.com\/en\/wp-json\/wp\/v2\/pages\/607","targetHints":{"allow":["GET"]}}],"collection":[{"href":"https:\/\/www.whiteclinicbelgrade.com\/en\/wp-json\/wp\/v2\/pages"}],"about":[{"href":"https:\/\/www.whiteclinicbelgrade.com\/en\/wp-json\/wp\/v2\/types\/page"}],"author":[{"embeddable":true,"href":"https:\/\/www.whiteclinicbelgrade.com\/en\/wp-json\/wp\/v2\/users\/1"}],"replies":[{"embeddable":true,"href":"https:\/\/www.whiteclinicbelgrade.com\/en\/wp-json\/wp\/v2\/comments?post=607"}],"version-history":[{"count":5,"href":"https:\/\/www.whiteclinicbelgrade.com\/en\/wp-json\/wp\/v2\/pages\/607\/revisions"}],"predecessor-version":[{"id":1090,"href":"https:\/\/www.whiteclinicbelgrade.com\/en\/wp-json\/wp\/v2\/pages\/607\/revisions\/1090"}],"wp:featuredmedia":[{"embeddable":true,"href":"https:\/\/www.whiteclinicbelgrade.com\/en\/wp-json\/wp\/v2\/media\/283"}],"wp:attachment":[{"href":"https:\/\/www.whiteclinicbelgrade.com\/en\/wp-json\/wp\/v2\/media?parent=607"}],"curies":[{"name":"wordpress","href":"https:\/\/api.w.org\/{rel}","templated":true}]}}