{"id":619,"date":"2023-11-29T17:13:42","date_gmt":"2023-11-29T17:13:42","guid":{"rendered":"https:\/\/www.whiteclinicbelgrade.com\/?page_id=619"},"modified":"2026-03-02T20:18:25","modified_gmt":"2026-03-02T19:18:25","slug":"bojana-rakic","status":"publish","type":"page","link":"https:\/\/www.whiteclinicbelgrade.com\/en\/bojana-rakic\/","title":{"rendered":"Bojana Raki\u0107"},"content":{"rendered":"<p>[et_pb_section fb_built=&#8220;1&#8243; _builder_version=&#8220;4.16&#8243; global_colors_info=&#8220;{}&#8220;][et_pb_row _builder_version=&#8220;4.23.1&#8243; _module_preset=&#8220;default&#8220; global_colors_info=&#8220;{}&#8220;][et_pb_column type=&#8220;4_4&#8243; _builder_version=&#8220;4.23.1&#8243; _module_preset=&#8220;default&#8220; global_colors_info=&#8220;{}&#8220;][et_pb_text _builder_version=&#8220;4.23.1&#8243; _module_preset=&#8220;default&#8220; global_colors_info=&#8220;{}&#8220;]<\/p>\n<h1>Bojana Raki\u0107<\/h1>\n<p>[\/et_pb_text][\/et_pb_column][\/et_pb_row][et_pb_row column_structure=&#8220;2_5,3_5&#8243; _builder_version=&#8220;4.16&#8243; background_size=&#8220;initial&#8220; background_position=&#8220;top_left&#8220; background_repeat=&#8220;repeat&#8220; global_colors_info=&#8220;{}&#8220;][et_pb_column type=&#8220;2_5&#8243; _builder_version=&#8220;4.16&#8243; custom_padding=&#8220;|||&#8220; global_colors_info=&#8220;{}&#8220; custom_padding__hover=&#8220;|||&#8220;][et_pb_image src=&#8220;https:\/\/www.whiteclinicbelgrade.com\/wp-content\/uploads\/2023\/09\/BR2.png&#8220; title_text=&#8220;BR2&#8243; _builder_version=&#8220;4.23.1&#8243; _module_preset=&#8220;default&#8220; global_colors_info=&#8220;{}&#8220;][\/et_pb_image][\/et_pb_column][et_pb_column type=&#8220;3_5&#8243; _builder_version=&#8220;4.16&#8243; custom_padding=&#8220;|||&#8220; global_colors_info=&#8220;{}&#8220; custom_padding__hover=&#8220;|||&#8220;][et_pb_text _builder_version=&#8220;4.23.1&#8243; background_size=&#8220;initial&#8220; background_position=&#8220;top_left&#8220; background_repeat=&#8220;repeat&#8220; text_orientation=&#8220;justified&#8220; global_colors_info=&#8220;{}&#8220;]<\/p>\n<p>Nakon zavr\u0161etka Trinaeste beogradske gimnazije, 2017. godine upisuje Stomatolo\u0161ki fakultet Univerziteta u Beogradu. Autor i koautor je na vi\u0161e studentskih nau\u010dno- istra\u017eiva\u010dkih radova, predstavljenih na kongresima biomedicinskih nauka sa internacionalnim u\u010de\u0161\u0107em. Takodje, u\u010destvuje na brojnim radionicama koje obuhvataju primenu koferdam gume, kompozitnih ispuna i tehnika \u0161ivenja. Aktivni je u\u010desnik na kongresima iz oblasti oralne hirurgije, de\u010dje stomatologije kao i estetske stomatologije ( UESS Simpozijum Sinergija 5.0).<\/p>\n<p>Jedna od prvih osoba iz na\u0161eg tima sa kojom \u0107ete ostvariti komunikaciju pri ulasku u ordinaciju. Zadu\u017eena za administrativne poslove, asistenciju i odr\u017eavanje urednosti i \u010disto\u0107e ordinacije. Osim srpskog i engleskog jezika sa njom mo\u017eete komunicirati i na ruskom jeziku.<\/p>\n<p>[\/et_pb_text][\/et_pb_column][\/et_pb_row][\/et_pb_section]<\/p>\n","protected":false},"excerpt":{"rendered":"<p>Bojana Raki\u0107Nakon zavr\u0161etka Trinaeste beogradske gimnazije, 2017. godine upisuje Stomatolo\u0161ki fakultet Univerziteta u Beogradu. Autor i koautor je na vi\u0161e studentskih nau\u010dno- istra\u017eiva\u010dkih radova, predstavljenih na kongresima biomedicinskih nauka sa internacionalnim u\u010de\u0161\u0107em. Takodje, u\u010destvuje na brojnim radionicama koje obuhvataju primenu koferdam gume, kompozitnih ispuna i tehnika \u0161ivenja. Aktivni je u\u010desnik na kongresima iz oblasti oralne [&hellip;]<\/p>\n","protected":false},"author":1,"featured_media":477,"parent":0,"menu_order":0,"comment_status":"closed","ping_status":"closed","template":"","meta":{"_et_pb_use_builder":"on","_et_pb_old_content":"","_et_gb_content_width":"","footnotes":""},"class_list":["post-619","page","type-page","status-publish","has-post-thumbnail","hentry"],"aioseo_notices":[],"_links":{"self":[{"href":"https:\/\/www.whiteclinicbelgrade.com\/en\/wp-json\/wp\/v2\/pages\/619","targetHints":{"allow":["GET"]}}],"collection":[{"href":"https:\/\/www.whiteclinicbelgrade.com\/en\/wp-json\/wp\/v2\/pages"}],"about":[{"href":"https:\/\/www.whiteclinicbelgrade.com\/en\/wp-json\/wp\/v2\/types\/page"}],"author":[{"embeddable":true,"href":"https:\/\/www.whiteclinicbelgrade.com\/en\/wp-json\/wp\/v2\/users\/1"}],"replies":[{"embeddable":true,"href":"https:\/\/www.whiteclinicbelgrade.com\/en\/wp-json\/wp\/v2\/comments?post=619"}],"version-history":[{"count":4,"href":"https:\/\/www.whiteclinicbelgrade.com\/en\/wp-json\/wp\/v2\/pages\/619\/revisions"}],"predecessor-version":[{"id":1093,"href":"https:\/\/www.whiteclinicbelgrade.com\/en\/wp-json\/wp\/v2\/pages\/619\/revisions\/1093"}],"wp:featuredmedia":[{"embeddable":true,"href":"https:\/\/www.whiteclinicbelgrade.com\/en\/wp-json\/wp\/v2\/media\/477"}],"wp:attachment":[{"href":"https:\/\/www.whiteclinicbelgrade.com\/en\/wp-json\/wp\/v2\/media?parent=619"}],"curies":[{"name":"wordpress","href":"https:\/\/api.w.org\/{rel}","templated":true}]}}