{"id":663,"date":"2023-11-30T14:15:50","date_gmt":"2023-11-30T14:15:50","guid":{"rendered":"https:\/\/www.whiteclinicbelgrade.com\/?page_id=663"},"modified":"2026-03-02T20:25:02","modified_gmt":"2026-03-02T19:25:02","slug":"dr-sanja-jovanovic","status":"publish","type":"page","link":"https:\/\/www.whiteclinicbelgrade.com\/en\/dr-sanja-jovanovic\/","title":{"rendered":"Dr. Sanja Jovanovi\u0107"},"content":{"rendered":"<p>[et_pb_section fb_built=&#8220;1&#8243; _builder_version=&#8220;4.16&#8243; global_colors_info=&#8220;{}&#8220;][et_pb_row _builder_version=&#8220;4.23.1&#8243; _module_preset=&#8220;default&#8220; global_colors_info=&#8220;{}&#8220;][et_pb_column type=&#8220;4_4&#8243; _builder_version=&#8220;4.23.1&#8243; _module_preset=&#8220;default&#8220; global_colors_info=&#8220;{}&#8220;][et_pb_text _builder_version=&#8220;4.23.1&#8243; _module_preset=&#8220;default&#8220; global_colors_info=&#8220;{}&#8220;]<\/p>\n<h1>Spec. dr Sanja Jovanovi\u0107<\/h1>\n<p>[\/et_pb_text][\/et_pb_column][\/et_pb_row][et_pb_row column_structure=&#8220;2_5,3_5&#8243; _builder_version=&#8220;4.16&#8243; background_size=&#8220;initial&#8220; background_position=&#8220;top_left&#8220; background_repeat=&#8220;repeat&#8220; global_colors_info=&#8220;{}&#8220;][et_pb_column type=&#8220;2_5&#8243; _builder_version=&#8220;4.16&#8243; custom_padding=&#8220;|||&#8220; global_colors_info=&#8220;{}&#8220; custom_padding__hover=&#8220;|||&#8220;][et_pb_image src=&#8220;https:\/\/www.whiteclinicbelgrade.com\/wp-content\/uploads\/2023\/09\/SM.png&#8220; title_text=&#8220;SM&#8220; _builder_version=&#8220;4.23.1&#8243; _module_preset=&#8220;default&#8220; global_colors_info=&#8220;{}&#8220;][\/et_pb_image][\/et_pb_column][et_pb_column type=&#8220;3_5&#8243; _builder_version=&#8220;4.16&#8243; custom_padding=&#8220;|||&#8220; global_colors_info=&#8220;{}&#8220; custom_padding__hover=&#8220;|||&#8220;][et_pb_text _builder_version=&#8220;4.23.1&#8243; background_size=&#8220;initial&#8220; background_position=&#8220;top_left&#8220; background_repeat=&#8220;repeat&#8220; text_orientation=&#8220;justified&#8220; global_colors_info=&#8220;{}&#8220;]<\/p>\n<p>Specijalista ortopedije vilica i sertifikovan doktor za anti-aging medicinu.<\/p>\n<p>Nakon zavr\u0161ene XV beogradske gimnazije 2008.godine upisuje Stomatolo\u0161ki fakultet u Beogradu. Jo\u0161 za vreme studija volontira u porodi\u010dnoj stomatolo\u0161koj ordinaciji Miri\u0107.<br \/>Odmah po diplomiranju i zavr\u0161etku lekarskog sta\u017ea upisuje specijalizaciju iz ortopedije vilica na medicinskom univerzitetu u Kragujevcu.<br \/>Zapo\u0161ljava se kao doktor stomatologije u stomatolo\u0161koj ordinaciji Miric 2016.godine.<br \/>Nakon zavr\u0161ene specijalizacije 2020. godine zapo\u010dinje saradnju sa drugim ordinacijama kao specijalista ortodoncije i kao doktor za antiaging medicinu.<br \/>Antiaging medicinom se bavi jo\u0161 od 2016.godine.<br \/>Aktivno u\u010destvuje na str\u010dnim skupovima i u zemlji i u inostranstvu.<br \/>\u010clan je udru\u017eenja Sesiam.<\/p>\n<p>[\/et_pb_text][\/et_pb_column][\/et_pb_row][\/et_pb_section]<\/p>\n","protected":false},"excerpt":{"rendered":"<p>Spec. dr Sanja Jovanovi\u0107Specijalista ortopedije vilica i sertifikovan doktor za anti-aging medicinu. Nakon zavr\u0161ene XV beogradske gimnazije 2008.godine upisuje Stomatolo\u0161ki fakultet u Beogradu. Jo\u0161 za vreme studija volontira u porodi\u010dnoj stomatolo\u0161koj ordinaciji Miri\u0107.Odmah po diplomiranju i zavr\u0161etku lekarskog sta\u017ea upisuje specijalizaciju iz ortopedije vilica na medicinskom univerzitetu u Kragujevcu.Zapo\u0161ljava se kao doktor stomatologije u stomatolo\u0161koj [&hellip;]<\/p>\n","protected":false},"author":1,"featured_media":274,"parent":0,"menu_order":0,"comment_status":"closed","ping_status":"closed","template":"","meta":{"_et_pb_use_builder":"on","_et_pb_old_content":"","_et_gb_content_width":"","footnotes":""},"class_list":["post-663","page","type-page","status-publish","has-post-thumbnail","hentry"],"aioseo_notices":[],"_links":{"self":[{"href":"https:\/\/www.whiteclinicbelgrade.com\/en\/wp-json\/wp\/v2\/pages\/663","targetHints":{"allow":["GET"]}}],"collection":[{"href":"https:\/\/www.whiteclinicbelgrade.com\/en\/wp-json\/wp\/v2\/pages"}],"about":[{"href":"https:\/\/www.whiteclinicbelgrade.com\/en\/wp-json\/wp\/v2\/types\/page"}],"author":[{"embeddable":true,"href":"https:\/\/www.whiteclinicbelgrade.com\/en\/wp-json\/wp\/v2\/users\/1"}],"replies":[{"embeddable":true,"href":"https:\/\/www.whiteclinicbelgrade.com\/en\/wp-json\/wp\/v2\/comments?post=663"}],"version-history":[{"count":4,"href":"https:\/\/www.whiteclinicbelgrade.com\/en\/wp-json\/wp\/v2\/pages\/663\/revisions"}],"predecessor-version":[{"id":1099,"href":"https:\/\/www.whiteclinicbelgrade.com\/en\/wp-json\/wp\/v2\/pages\/663\/revisions\/1099"}],"wp:featuredmedia":[{"embeddable":true,"href":"https:\/\/www.whiteclinicbelgrade.com\/en\/wp-json\/wp\/v2\/media\/274"}],"wp:attachment":[{"href":"https:\/\/www.whiteclinicbelgrade.com\/en\/wp-json\/wp\/v2\/media?parent=663"}],"curies":[{"name":"wordpress","href":"https:\/\/api.w.org\/{rel}","templated":true}]}}