{"id":706,"date":"2024-10-16T12:52:26","date_gmt":"2024-10-16T12:52:26","guid":{"rendered":"https:\/\/www.whiteclinicbelgrade.com\/?page_id=706"},"modified":"2026-03-02T20:26:00","modified_gmt":"2026-03-02T19:26:00","slug":"dr-sara-bogdanovic","status":"publish","type":"page","link":"https:\/\/www.whiteclinicbelgrade.com\/en\/dr-sara-bogdanovic\/","title":{"rendered":"Dr. Sara Bogdanovi\u0107"},"content":{"rendered":"<p>[et_pb_section fb_built=&#8220;1&#8243; _builder_version=&#8220;4.16&#8243; global_colors_info=&#8220;{}&#8220;][et_pb_row _builder_version=&#8220;4.23.1&#8243; _module_preset=&#8220;default&#8220; global_colors_info=&#8220;{}&#8220;][et_pb_column type=&#8220;4_4&#8243; _builder_version=&#8220;4.23.1&#8243; _module_preset=&#8220;default&#8220; global_colors_info=&#8220;{}&#8220;][et_pb_text _builder_version=&#8220;4.27.2&#8243; _module_preset=&#8220;default&#8220; global_colors_info=&#8220;{}&#8220;]<\/p>\n<h1>Dr Sara Bogdanovi\u0107<\/h1>\n<p>[\/et_pb_text][\/et_pb_column][\/et_pb_row][et_pb_row column_structure=&#8220;2_5,3_5&#8243; _builder_version=&#8220;4.16&#8243; background_size=&#8220;initial&#8220; background_position=&#8220;top_left&#8220; background_repeat=&#8220;repeat&#8220; global_colors_info=&#8220;{}&#8220;][et_pb_column type=&#8220;2_5&#8243; _builder_version=&#8220;4.16&#8243; custom_padding=&#8220;|||&#8220; global_colors_info=&#8220;{}&#8220; custom_padding__hover=&#8220;|||&#8220;][et_pb_image src=&#8220;https:\/\/www.whiteclinicbelgrade.com\/wp-content\/uploads\/2024\/10\/DrSara.jpeg&#8220; title_text=&#8220;DrSara&#8220; _builder_version=&#8220;4.27.2&#8243; _module_preset=&#8220;default&#8220; global_colors_info=&#8220;{}&#8220;][\/et_pb_image][\/et_pb_column][et_pb_column type=&#8220;3_5&#8243; _builder_version=&#8220;4.16&#8243; custom_padding=&#8220;|||&#8220; global_colors_info=&#8220;{}&#8220; custom_padding__hover=&#8220;|||&#8220;][et_pb_text _builder_version=&#8220;4.27.2&#8243; background_size=&#8220;initial&#8220; background_position=&#8220;top_left&#8220; background_repeat=&#8220;repeat&#8220; text_orientation=&#8220;justified&#8220; global_colors_info=&#8220;{}&#8220;]<\/p>\n<p>Sara Bogdanovic\u0301, ro\u0111ena u Zrenjaninu 1998. godine. Osnovnu i srednju \u0161kolu zavr\u0161ila je kao nosilac diplome \u201eVuk Karad\u017eic\u0301\u201c. Studiranje na Stomatolo\u0161kom fakultetu, Univerziteta u Beogradu zapo\u010dela je 2016 godine. Napisala je dva nau\u010dno-istra\u017eiva\u010dka rada kao glavni autor, pod nazivom \u201eUticaj intenzivne fizi\u010dke aktivnosti na sekreciju i osobine pljuva\u010dke\u201c i \u201eTitar i aviditet serumskih antitela reaktivnih sa Candida albicans kod osoba sa parodontopatijom\u201c, koji su prezentovani na studentskim kongresima sa internacionalnim u\u010de\u0161c\u0301em. U \u010dasopisu \u201eMedicinski arhiv\u201c M(23) kao student zavr\u0161ne godine, je objavila je rad na temu \u201eUticaj fizi\u010dke aktivnosti tokom sportskog treninga na nivo dijagnosti\u010dkih markera pljuva\u010dke\u201c. Tokom zavr\u0161ne godine studija bila je nosilac stipendije \u201eDositeja\u201c, koja se dodeljuje najboljim studentima zavr\u0161nih godina. <br \/>Nakon obavljenog obaveznog pripravni\u010dkog sta\u017ea na Stomatolo\u0161kom fkultetu u trajanju od 6 meseci pola\u017ee dr\u017eavni ispit maja 2023. godine.<br \/>Doktorske akademske studije na Stomatolo\u0161kom fakultetu, Univerziteta u Beogradu upisuje 2022. godine. Stipendista je Ministarstva nauke, tehnolo\u0161kog razvoja i inovacija. Trenutno radi na izradi doktorske teze iz oblasti oralne hirurgije koja se bavi problematikom patologije vili\u010dnih cisti pod mentorstvom prof. dr Miroslava Andric\u0301a. 2024. godine upisuje specijalisti\u010dke studije na Klinici za Oralnu hirurgiji.<\/p>\n<p>[\/et_pb_text][\/et_pb_column][\/et_pb_row][\/et_pb_section]<\/p>\n","protected":false},"excerpt":{"rendered":"<p>Dr Sara Bogdanovi\u0107Sara Bogdanovic\u0301, ro\u0111ena u Zrenjaninu 1998. godine. Osnovnu i srednju \u0161kolu zavr\u0161ila je kao nosilac diplome \u201eVuk Karad\u017eic\u0301\u201c. Studiranje na Stomatolo\u0161kom fakultetu, Univerziteta u Beogradu zapo\u010dela je 2016 godine. Napisala je dva nau\u010dno-istra\u017eiva\u010dka rada kao glavni autor, pod nazivom \u201eUticaj intenzivne fizi\u010dke aktivnosti na sekreciju i osobine pljuva\u010dke\u201c i \u201eTitar i aviditet serumskih [&hellip;]<\/p>\n","protected":false},"author":1,"featured_media":0,"parent":0,"menu_order":0,"comment_status":"closed","ping_status":"closed","template":"","meta":{"_et_pb_use_builder":"on","_et_pb_old_content":"","_et_gb_content_width":"","footnotes":""},"class_list":["post-706","page","type-page","status-publish","hentry"],"aioseo_notices":[],"_links":{"self":[{"href":"https:\/\/www.whiteclinicbelgrade.com\/en\/wp-json\/wp\/v2\/pages\/706","targetHints":{"allow":["GET"]}}],"collection":[{"href":"https:\/\/www.whiteclinicbelgrade.com\/en\/wp-json\/wp\/v2\/pages"}],"about":[{"href":"https:\/\/www.whiteclinicbelgrade.com\/en\/wp-json\/wp\/v2\/types\/page"}],"author":[{"embeddable":true,"href":"https:\/\/www.whiteclinicbelgrade.com\/en\/wp-json\/wp\/v2\/users\/1"}],"replies":[{"embeddable":true,"href":"https:\/\/www.whiteclinicbelgrade.com\/en\/wp-json\/wp\/v2\/comments?post=706"}],"version-history":[{"count":4,"href":"https:\/\/www.whiteclinicbelgrade.com\/en\/wp-json\/wp\/v2\/pages\/706\/revisions"}],"predecessor-version":[{"id":1100,"href":"https:\/\/www.whiteclinicbelgrade.com\/en\/wp-json\/wp\/v2\/pages\/706\/revisions\/1100"}],"wp:attachment":[{"href":"https:\/\/www.whiteclinicbelgrade.com\/en\/wp-json\/wp\/v2\/media?parent=706"}],"curies":[{"name":"wordpress","href":"https:\/\/api.w.org\/{rel}","templated":true}]}}