{"id":717,"date":"2024-10-17T11:45:47","date_gmt":"2024-10-17T11:45:47","guid":{"rendered":"https:\/\/www.whiteclinicbelgrade.com\/?page_id=717"},"modified":"2026-03-02T20:41:52","modified_gmt":"2026-03-02T19:41:52","slug":"una-saves","status":"publish","type":"page","link":"https:\/\/www.whiteclinicbelgrade.com\/en\/unasavatovic\/","title":{"rendered":"Una Savatovi\u0107"},"content":{"rendered":"<p>[et_pb_section fb_built=&#8220;1&#8243; _builder_version=&#8220;4.16&#8243; global_colors_info=&#8220;{}&#8220;][et_pb_row _builder_version=&#8220;4.23.1&#8243; _module_preset=&#8220;default&#8220; global_colors_info=&#8220;{}&#8220;][et_pb_column type=&#8220;4_4&#8243; _builder_version=&#8220;4.23.1&#8243; _module_preset=&#8220;default&#8220; global_colors_info=&#8220;{}&#8220;][et_pb_text _builder_version=&#8220;4.23.1&#8243; _module_preset=&#8220;default&#8220; global_colors_info=&#8220;{}&#8220;]<\/p>\n<h1>Una Savatovi\u0107<\/h1>\n<p>[\/et_pb_text][\/et_pb_column][\/et_pb_row][et_pb_row column_structure=&#8220;2_5,3_5&#8243; _builder_version=&#8220;4.16&#8243; background_size=&#8220;initial&#8220; background_position=&#8220;top_left&#8220; background_repeat=&#8220;repeat&#8220; global_colors_info=&#8220;{}&#8220;][et_pb_column type=&#8220;2_5&#8243; _builder_version=&#8220;4.16&#8243; custom_padding=&#8220;|||&#8220; global_colors_info=&#8220;{}&#8220; custom_padding__hover=&#8220;|||&#8220;][et_pb_image src=&#8220;https:\/\/www.whiteclinicbelgrade.com\/wp-content\/uploads\/2024\/10\/Una-Savatovic.jpeg&#8220; title_text=&#8220;Una Savatovi\u0107&#8220; _builder_version=&#8220;4.27.2&#8243; _module_preset=&#8220;default&#8220; global_colors_info=&#8220;{}&#8220;][\/et_pb_image][\/et_pb_column][et_pb_column type=&#8220;3_5&#8243; _builder_version=&#8220;4.16&#8243; custom_padding=&#8220;|||&#8220; global_colors_info=&#8220;{}&#8220; custom_padding__hover=&#8220;|||&#8220;][et_pb_text _builder_version=&#8220;4.27.2&#8243; background_size=&#8220;initial&#8220; background_position=&#8220;top_left&#8220; background_repeat=&#8220;repeat&#8220; text_orientation=&#8220;justified&#8220; global_colors_info=&#8220;{}&#8220;]<\/p>\n<p>Una Savatovi\u0107 ro\u0111ena je 2000. godine u Vr\u0161cu. Osnovnu i srednju \u0161kolu zavr\u0161ava u Beloj Crkvi. Nakon zavr\u0161ene srednje \u0161kole 2019. godine upisuje Stomatolo\u0161ki fakultet, Univerziteta u Beogradu. Uporedo sa studiranjem u\u010destvuje u radu klinike kao stomatolo\u0161ki asistent. Te\u010dno govori engleski jezik. Poha\u0111a doma\u0107e i strane simpozijume kao student, sa \u017eeljom da proprati najnovije trendove iz oblasti stomatologije.<\/p>\n<p>Od pripreme ordinacije do asistencije pri zahvatima, tu je da olak\u0161a svaki korak va\u0161eg stomatolo\u0161kog tretmana. Njena posve\u0107enost poslu i ljubaznost \u010dine posetu na\u0161oj ordinaciji prijatnim iskustvom.<\/p>\n<p>[\/et_pb_text][\/et_pb_column][\/et_pb_row][\/et_pb_section]<\/p>\n","protected":false},"excerpt":{"rendered":"<p>Una Savatovi\u0107Una Savatovi\u0107 ro\u0111ena je 2000. godine u Vr\u0161cu. Osnovnu i srednju \u0161kolu zavr\u0161ava u Beloj Crkvi. Nakon zavr\u0161ene srednje \u0161kole 2019. godine upisuje Stomatolo\u0161ki fakultet, Univerziteta u Beogradu. Uporedo sa studiranjem u\u010destvuje u radu klinike kao stomatolo\u0161ki asistent. Te\u010dno govori engleski jezik. Poha\u0111a doma\u0107e i strane simpozijume kao student, sa \u017eeljom da proprati najnovije [&hellip;]<\/p>\n","protected":false},"author":1,"featured_media":0,"parent":0,"menu_order":0,"comment_status":"closed","ping_status":"closed","template":"","meta":{"_et_pb_use_builder":"on","_et_pb_old_content":"","_et_gb_content_width":"","footnotes":""},"class_list":["post-717","page","type-page","status-publish","hentry"],"aioseo_notices":[],"_links":{"self":[{"href":"https:\/\/www.whiteclinicbelgrade.com\/en\/wp-json\/wp\/v2\/pages\/717","targetHints":{"allow":["GET"]}}],"collection":[{"href":"https:\/\/www.whiteclinicbelgrade.com\/en\/wp-json\/wp\/v2\/pages"}],"about":[{"href":"https:\/\/www.whiteclinicbelgrade.com\/en\/wp-json\/wp\/v2\/types\/page"}],"author":[{"embeddable":true,"href":"https:\/\/www.whiteclinicbelgrade.com\/en\/wp-json\/wp\/v2\/users\/1"}],"replies":[{"embeddable":true,"href":"https:\/\/www.whiteclinicbelgrade.com\/en\/wp-json\/wp\/v2\/comments?post=717"}],"version-history":[{"count":4,"href":"https:\/\/www.whiteclinicbelgrade.com\/en\/wp-json\/wp\/v2\/pages\/717\/revisions"}],"predecessor-version":[{"id":721,"href":"https:\/\/www.whiteclinicbelgrade.com\/en\/wp-json\/wp\/v2\/pages\/717\/revisions\/721"}],"wp:attachment":[{"href":"https:\/\/www.whiteclinicbelgrade.com\/en\/wp-json\/wp\/v2\/media?parent=717"}],"curies":[{"name":"wordpress","href":"https:\/\/api.w.org\/{rel}","templated":true}]}}