{"id":80,"date":"2023-06-16T23:39:06","date_gmt":"2023-06-16T23:39:06","guid":{"rendered":"https:\/\/www.whiteclinicbelgrade.com\/?page_id=80"},"modified":"2026-03-02T20:37:06","modified_gmt":"2026-03-02T19:37:06","slug":"about-us","status":"publish","type":"page","link":"https:\/\/www.whiteclinicbelgrade.com\/en\/o-nama\/","title":{"rendered":"About us"},"content":{"rendered":"<p>[et_pb_section fb_built=&#8220;1&#8243; fullwidth=&#8220;on&#8220; _builder_version=&#8220;4.21.0&#8243; _module_preset=&#8220;default&#8220; global_colors_info=&#8220;{}&#8220;][et_pb_fullwidth_header title=&#8220;Ordinacija&#8220; _builder_version=&#8220;4.22.1&#8243; _module_preset=&#8220;default&#8220; title_font=&#8220;Lato|900|||||||&#8220; title_text_color=&#8220;#222423&#8243; title_font_size=&#8220;60px&#8220; background_color=&#8220;#004346&#8243; background_image=&#8220;https:\/\/www.whiteclinicbelgrade.com\/wp-content\/uploads\/2023\/09\/WhatsApp-Image-2023-09-01-at-23.35.49-1.jpeg&#8220; background_enable_pattern_style=&#8220;on&#8220; background_pattern_style=&#8220;inverted-chevrons&#8220; background_pattern_color=&#8220;rgba(239,239,239,0.02)&#8220; custom_padding=&#8220;7vw||7vw||true|false&#8220; title_font_size_tablet=&#8220;50px&#8220; title_font_size_phone=&#8220;30px&#8220; title_font_size_last_edited=&#8220;on|phone&#8220; global_colors_info=&#8220;{}&#8220;][\/et_pb_fullwidth_header][\/et_pb_section][et_pb_section fb_built=&#8220;1&#8243; _builder_version=&#8220;4.21.0&#8243; _module_preset=&#8220;default&#8220; global_colors_info=&#8220;{}&#8220;][et_pb_row _builder_version=&#8220;4.22.1&#8243; _module_preset=&#8220;default&#8220; global_colors_info=&#8220;{}&#8220;][et_pb_column type=&#8220;4_4&#8243; _builder_version=&#8220;4.21.0&#8243; _module_preset=&#8220;default&#8220; global_colors_info=&#8220;{}&#8220;][et_pb_text _builder_version=&#8220;4.27.2&#8243; _module_preset=&#8220;default&#8220; text_font=&#8220;Lora||||||||&#8220; text_font_size=&#8220;17px&#8220; header_font=&#8220;Lora||||||||&#8220; text_font_size_tablet=&#8220;16px&#8220; text_font_size_phone=&#8220;14px&#8220; text_font_size_last_edited=&#8220;on|phone&#8220; global_colors_info=&#8220;{}&#8220;]<\/p>\n<h1 style=\"text-align: justify;\"><strong>Zasto se klinika zove White Clinic Belgrade?<\/strong><\/h1>\n<p>&nbsp;<\/p>\n<p style=\"text-align: justify;\">Bela boja, pre svega, predstavlja boju zuba kojoj svi tezimo.<br \/>Bela boja je boja dobrog, pa je i mi shvatamo kao ideal savr\u0161enstva kome stremimo. Mo\u017eda nije mogu\u0107e uvek posti\u0107i savr\u0161enstvo u praksi, ali je neophodno \u010diniti sve za njeno ostvarenje.<br \/>Kona\u010dno, bela boja je sublimat svih boja vidljive svetlosti. Na\u0161 tim lekara, tehni\u010dara i asistenata razli\u010ditih specijalnosti, deluje u jednom cilju \u2013 obezbe\u0111enje zdravih, lepih osmeha uz zadovoljstvo pacijenata<\/p>\n<p>[\/et_pb_text][\/et_pb_column][\/et_pb_row][et_pb_row _builder_version=&#8220;4.22.1&#8243; _module_preset=&#8220;default&#8220; global_colors_info=&#8220;{}&#8220;][et_pb_column type=&#8220;4_4&#8243; _builder_version=&#8220;4.21.0&#8243; _module_preset=&#8220;default&#8220; global_colors_info=&#8220;{}&#8220;][et_pb_text _builder_version=&#8220;4.22.1&#8243; _module_preset=&#8220;default&#8220; text_font_size=&#8220;17px&#8220; text_font_size_tablet=&#8220;16px&#8220; text_font_size_phone=&#8220;14px&#8220; text_font_size_last_edited=&#8220;on|phone&#8220; global_colors_info=&#8220;{}&#8220;]<\/p>\n<h1 style=\"text-align: justify;\"><strong>Na\u0161 tim<\/strong><strong><\/strong><\/h1>\n<p><strong><\/strong><\/p>\n<p style=\"text-align: justify;\">Potencijal White Clinic Belgrade je, s jedne strane, njena pozicija u centru grada, komforne sale za pacijente, najsavremenija oprema, uvo\u0111enje laboratorije za zubnu tehniku i rentgen snimanja, ali u najve\u0107oj meri znanje, iskustvo, sposobnost i ljubaznost na\u0161eg osoblja,.<br \/>Iako je tek formirana, na\u0161a klinika obuhvata tim iskusnih profesionalaca koji su gradili svoju karijeru u vrhunskim ordinacijama Beograda, edukovali se u na\u0161im najboljim \u0161kolama i nastavljaju da se i dalje redovno usavr\u0161avaju u svetu i zemlji.<\/p>\n<p style=\"text-align: justify;\">Kliniku \u010dine zaposleni koji imaju vi\u0161egodi\u0161nje iskustvo u stomatologiji i posebno su specijalizovani za najzahtevnije implantolo\u0161ke i estetske zahvate koji obezbedjuju savr\u0161eni terapijski ishod, ali negujemo i mlad kadar kao deo na\u0161ih kapaciteta, neophodan za kontinuitet visokih standarda koje zajedno postavljamo I pomeramo navi\u0161e.<\/p>\n<p>[\/et_pb_text][\/et_pb_column][\/et_pb_row][et_pb_row _builder_version=&#8220;4.21.0&#8243; _module_preset=&#8220;default&#8220; global_colors_info=&#8220;{}&#8220;][et_pb_column type=&#8220;4_4&#8243; _builder_version=&#8220;4.21.0&#8243; _module_preset=&#8220;default&#8220; global_colors_info=&#8220;{}&#8220;][et_pb_text _builder_version=&#8220;4.22.1&#8243; _module_preset=&#8220;default&#8220; text_font_size=&#8220;17px&#8220; text_font_size_tablet=&#8220;16px&#8220; text_font_size_phone=&#8220;14px&#8220; text_font_size_last_edited=&#8220;on|phone&#8220; global_colors_info=&#8220;{}&#8220;]<\/p>\n<h1 style=\"text-align: justify;\"><strong>Misija<\/strong><\/h1>\n<p><strong><\/strong><\/p>\n<p><strong><\/strong><\/p>\n<p style=\"text-align: justify;\">Apsolutna posvecenost pacijentu, unapre\u0111enje znanja, inovativnost i postovanje nau\u010dnih \u010dinjenica, predstavljaju imperativ u radu na\u0161e klinike.<br \/>Sve metode koje primenjujemo su utemeljene na dokazima, odnosno klini\u010dkim studijama koje potvr\u0111uju njihovu efikasnost i bezbednost. Zato je pra\u0107enje novih nau\u010dnih dostignu\u0107a uslov za visok stepen uspeha.<br \/>Slede\u0107i princip jednostavnosti, koristimo najefikasnija sredstva u postizanju lepog i zdravog osmeha. \u0160to komplikovanija procedura, ve\u0107e \u0161anse za gre\u0161ku. Naravno, jednostavno ali ne jednostavnije od neophodnog, kako nas u\u010di Ajn\u0161tajn.<\/p>\n<p>[\/et_pb_text][\/et_pb_column][\/et_pb_row][\/et_pb_section]<\/p>\n","protected":false},"excerpt":{"rendered":"<p>Zasto se klinika zove White Clinic Belgrade? &nbsp; Bela boja, pre svega, predstavlja boju zuba kojoj svi tezimo.Bela boja je boja dobrog, pa je i mi shvatamo kao ideal savr\u0161enstva kome stremimo. Mo\u017eda nije mogu\u0107e uvek posti\u0107i savr\u0161enstvo u praksi, ali je neophodno \u010diniti sve za njeno ostvarenje.Kona\u010dno, bela boja je sublimat svih boja vidljive [&hellip;]<\/p>\n","protected":false},"author":1,"featured_media":0,"parent":0,"menu_order":0,"comment_status":"closed","ping_status":"closed","template":"","meta":{"_et_pb_use_builder":"on","_et_pb_old_content":"","_et_gb_content_width":"","footnotes":""},"class_list":["post-80","page","type-page","status-publish","hentry"],"aioseo_notices":[],"_links":{"self":[{"href":"https:\/\/www.whiteclinicbelgrade.com\/en\/wp-json\/wp\/v2\/pages\/80","targetHints":{"allow":["GET"]}}],"collection":[{"href":"https:\/\/www.whiteclinicbelgrade.com\/en\/wp-json\/wp\/v2\/pages"}],"about":[{"href":"https:\/\/www.whiteclinicbelgrade.com\/en\/wp-json\/wp\/v2\/types\/page"}],"author":[{"embeddable":true,"href":"https:\/\/www.whiteclinicbelgrade.com\/en\/wp-json\/wp\/v2\/users\/1"}],"replies":[{"embeddable":true,"href":"https:\/\/www.whiteclinicbelgrade.com\/en\/wp-json\/wp\/v2\/comments?post=80"}],"version-history":[{"count":13,"href":"https:\/\/www.whiteclinicbelgrade.com\/en\/wp-json\/wp\/v2\/pages\/80\/revisions"}],"predecessor-version":[{"id":1108,"href":"https:\/\/www.whiteclinicbelgrade.com\/en\/wp-json\/wp\/v2\/pages\/80\/revisions\/1108"}],"wp:attachment":[{"href":"https:\/\/www.whiteclinicbelgrade.com\/en\/wp-json\/wp\/v2\/media?parent=80"}],"curies":[{"name":"wordpress","href":"https:\/\/api.w.org\/{rel}","templated":true}]}}